{"id":146,"date":"2016-05-31T04:39:36","date_gmt":"2016-05-31T02:39:36","guid":{"rendered":"http:\/\/localhost\/www\/SP-dev\/?page_id=146"},"modified":"2017-09-15T15:21:35","modified_gmt":"2017-09-15T13:21:35","slug":"books-and-series","status":"publish","type":"page","link":"https:\/\/societesplurielles.fr\/en\/publications\/books-and-series\/","title":{"rendered":"Books and Series","raw":"Books and Series"},"content":{"rendered":"<h2>The \u2018Soci\u00e9t\u00e9s plurielles\u2019 series<\/h2>\n<p>The Plural Societies programme signed an editorial contract with the publisher \u00e9ditions Brill for a series of publications dedicated to the programme\u2019s topics.<\/p>\n<h2>Bibliography of studies<\/h2>\n<p>In addition to this series, a list of studies published by researchers from the Plural Societies programme since 2014 and with a direct link to the programme is available.<\/p>\n\n\t\t<style type=\"text\/css\">\n\t\t\t#gallery-2 {\n\t\t\t\tmargin: auto;\n\t\t\t}\n\t\t\t#gallery-2 .gallery-item {\n\t\t\t\tfloat: left;\n\t\t\t\tmargin-top: 10px;\n\t\t\t\ttext-align: center;\n\t\t\t\twidth: 25%;\n\t\t\t}\n\t\t\t#gallery-2 img {\n\t\t\t\tborder: 2px solid #cfcfcf;\n\t\t\t}\n\t\t\t#gallery-2 .gallery-caption {\n\t\t\t\tmargin-left: 0;\n\t\t\t}\n\t\t\t\/* see gallery_shortcode() in wp-includes\/media.php *\/\n\t\t<\/style>\n\t\t<div id='gallery-2' class='gallery galleryid-146 gallery-columns-4 gallery-size-medium'><dl class='gallery-item'>\n\t\t\t<dt class='gallery-icon portrait'>\n\t\t\t\t<img loading=\"lazy\" decoding=\"async\" width=\"204\" height=\"300\" src=\"https:\/\/societesplurielles.fr\/wp-content\/uploads\/2017\/07\/Beaut\u00e9-ethnique-sous-tension-couverture-204x300.png\" class=\"attachment-medium size-medium\" alt=\"\" srcset=\"https:\/\/societesplurielles.fr\/wp-content\/uploads\/2017\/07\/Beaut\u00e9-ethnique-sous-tension-couverture-204x300.png 204w, https:\/\/societesplurielles.fr\/wp-content\/uploads\/2017\/07\/Beaut\u00e9-ethnique-sous-tension-couverture.png 400w\" sizes=\"auto, (max-width: 204px) 100vw, 204px\" \/>\n\t\t\t<\/dt><\/dl><dl class='gallery-item'>\n\t\t\t<dt class='gallery-icon portrait'>\n\t\t\t\t<img loading=\"lazy\" decoding=\"async\" width=\"200\" height=\"300\" src=\"https:\/\/societesplurielles.fr\/wp-content\/uploads\/2016\/06\/Couverture-Pluriel-et-commun-200x300.png\" class=\"attachment-medium size-medium\" alt=\"\" \/>\n\t\t\t<\/dt><\/dl><dl class='gallery-item'>\n\t\t\t<dt class='gallery-icon portrait'>\n\t\t\t\t<img loading=\"lazy\" decoding=\"async\" width=\"200\" height=\"300\" src=\"https:\/\/societesplurielles.fr\/wp-content\/uploads\/2016\/06\/Couverture-Le-Sage-et-le-peuple-200x300.png\" class=\"attachment-medium size-medium\" alt=\"\" \/>\n\t\t\t<\/dt><\/dl><dl class='gallery-item'>\n\t\t\t<dt class='gallery-icon portrait'>\n\t\t\t\t<img loading=\"lazy\" decoding=\"async\" width=\"200\" height=\"300\" src=\"https:\/\/societesplurielles.fr\/wp-content\/uploads\/2016\/06\/Couverture-les-pays-e\u0301mergents-200x300.png\" class=\"attachment-medium size-medium\" alt=\"\" \/>\n\t\t\t<\/dt><\/dl><br style=\"clear: both\" \/><dl class='gallery-item'>\n\t\t\t<dt class='gallery-icon portrait'>\n\t\t\t\t<img loading=\"lazy\" decoding=\"async\" width=\"200\" height=\"300\" src=\"https:\/\/societesplurielles.fr\/wp-content\/uploads\/2016\/06\/Couverture-migrations-en-mediterranee-200x300.png\" class=\"attachment-medium size-medium\" alt=\"\" \/>\n\t\t\t<\/dt><\/dl><dl class='gallery-item'>\n\t\t\t<dt class='gallery-icon portrait'>\n\t\t\t\t<img loading=\"lazy\" decoding=\"async\" width=\"200\" height=\"300\" src=\"https:\/\/societesplurielles.fr\/wp-content\/uploads\/2016\/06\/Couverture-patrimoines-culturels-200x300.png\" class=\"attachment-medium size-medium\" alt=\"\" \/>\n\t\t\t<\/dt><\/dl><dl class='gallery-item'>\n\t\t\t<dt class='gallery-icon portrait'>\n\t\t\t\t<img loading=\"lazy\" decoding=\"async\" width=\"200\" height=\"300\" src=\"https:\/\/societesplurielles.fr\/wp-content\/uploads\/2016\/06\/Couverture-Trajectoires-et-origines-200x300.png\" class=\"attachment-medium size-medium\" alt=\"\" \/>\n\t\t\t<\/dt><\/dl><dl class='gallery-item'>\n\t\t\t<dt class='gallery-icon portrait'>\n\t\t\t\t<img loading=\"lazy\" decoding=\"async\" width=\"200\" height=\"300\" src=\"https:\/\/societesplurielles.fr\/wp-content\/uploads\/2016\/06\/Couverture-depolitising-migration-200x300.png\" class=\"attachment-medium size-medium\" alt=\"\" \/>\n\t\t\t<\/dt><\/dl><br style=\"clear: both\" \/>\n\t\t<\/div>\n\n<pre><a href=\"http:\/\/societesplurielles.fr\/wp-content\/uploads\/2016\/06\/Publications-enseignants-chercheurs-SP.pdf\"><strong><img loading=\"lazy\" decoding=\"async\" class=\"alignleft size-full wp-image-366\" src=\"http:\/\/societesplurielles.fr\/wp-content\/uploads\/2016\/05\/pdf-icon-e1466586473744.png\" alt=\"pdf-icone\" width=\"48\" height=\"48\" \/>\r\nDownload Our Publications<\/strong><\/a><\/pre>\n","protected":false,"raw":"<h2>The \u2018Soci\u00e9t\u00e9s plurielles\u2019 series<\/h2>\r\nThe Plural Societies programme signed an editorial contract with the publisher \u00e9ditions Brill for a series of publications dedicated to the programme\u2019s topics.\r\n<h2>Bibliography of studies<\/h2>\r\nIn addition to this series, a list of studies published by researchers from the Plural Societies programme since 2014 and with a direct link to the programme is available.\r\n\r\n[gallery link=\"none\" size=\"medium\" columns=\"4\" ids=\"1322,790,786,787,788,789,791,784\"]\r\n<pre><a href=\"http:\/\/societesplurielles.fr\/wp-content\/uploads\/2016\/06\/Publications-enseignants-chercheurs-SP.pdf\"><strong><img class=\"alignleft size-full wp-image-366\" src=\"http:\/\/societesplurielles.fr\/wp-content\/uploads\/2016\/05\/pdf-icon-e1466586473744.png\" alt=\"pdf-icone\" width=\"48\" height=\"48\" \/>\r\nDownload Our Publications<\/strong><\/a><\/pre>"},"excerpt":{"rendered":"","protected":false,"raw":""},"author":1,"featured_media":0,"parent":90,"menu_order":42,"comment_status":"closed","ping_status":"closed","template":"","meta":{"_fr_post_content":"<h2>Collection \u00ab\u00a0Soci\u00e9t\u00e9s plurielles\u00a0\u00bb<\/h2>\r\nLes \u00e9ditions Brill et Soci\u00e9t\u00e9s plurielles ont sign\u00e9 un contrat \u00e9ditorial en vue de la cr\u00e9ation d'une collection d\u00e9di\u00e9e aux th\u00e9matiques du programme.\r\n<pre><a href=\"http:\/\/www.brill.com\/\" target=\"_blank\"><strong>Voir le site des \u00e9ditions Brill<\/strong><\/a><\/pre>\r\n\r\n<hr \/>\r\n\r\n<h2>Bibliographie des travaux<\/h2>\r\nEn plus de cette collection, vous trouverez une liste des travaux publi\u00e9s depuis 2014 par les chercheurs du programme Soci\u00e9t\u00e9s plurielles, en lien direct avec le programme.\r\n\r\n[gallery link=\"none\" size=\"medium\" columns=\"4\" ids=\"1322,790,786,787,788,789,791,784\"]\r\n<pre><a href=\"http:\/\/societesplurielles.fr\/wp-content\/uploads\/2016\/06\/Publications-enseignants-chercheurs-SP.pdf\"><strong><img class=\"alignleft size-full wp-image-366\" src=\"http:\/\/societesplurielles.fr\/wp-content\/uploads\/2016\/05\/pdf-icon-e1466586473744.png\" alt=\"pdf-icone\" width=\"48\" height=\"48\" \/>\r\nConsultez la liste de nos publications<\/strong><\/a><\/pre>","_fr_post_name":"articles-et-livres","_fr_post_excerpt":"","_fr_post_title":"Articles et livres","_en_post_content":"<h2>The \u2018Soci\u00e9t\u00e9s plurielles\u2019 series<\/h2>\r\nThe Plural Societies programme signed an editorial contract with the publisher \u00e9ditions Brill for a series of publications dedicated to the programme\u2019s topics.\r\n<h2>Bibliography of studies<\/h2>\r\nIn addition to this series, a list of studies published by researchers from the Plural Societies programme since 2014 and with a direct link to the programme is available.\r\n\r\n[gallery link=\"none\" size=\"medium\" columns=\"4\" ids=\"1322,790,786,787,788,789,791,784\"]\r\n<pre><a href=\"http:\/\/societesplurielles.fr\/wp-content\/uploads\/2016\/06\/Publications-enseignants-chercheurs-SP.pdf\"><strong><img class=\"alignleft size-full wp-image-366\" src=\"http:\/\/societesplurielles.fr\/wp-content\/uploads\/2016\/05\/pdf-icon-e1466586473744.png\" alt=\"pdf-icone\" width=\"48\" height=\"48\" \/>\r\nDownload Our Publications<\/strong><\/a><\/pre>","_en_post_name":"books-and-series","_en_post_excerpt":"","_en_post_title":"Books and Series","edit_language":"en","footnotes":""},"class_list":["post-146","page","type-page","status-publish","hentry"],"_links":{"self":[{"href":"https:\/\/societesplurielles.fr\/en\/wp-json\/wp\/v2\/pages\/146","targetHints":{"allow":["GET"]}}],"collection":[{"href":"https:\/\/societesplurielles.fr\/en\/wp-json\/wp\/v2\/pages"}],"about":[{"href":"https:\/\/societesplurielles.fr\/en\/wp-json\/wp\/v2\/types\/page"}],"author":[{"embeddable":true,"href":"https:\/\/societesplurielles.fr\/en\/wp-json\/wp\/v2\/users\/1"}],"replies":[{"embeddable":true,"href":"https:\/\/societesplurielles.fr\/en\/wp-json\/wp\/v2\/comments?post=146"}],"version-history":[{"count":17,"href":"https:\/\/societesplurielles.fr\/en\/wp-json\/wp\/v2\/pages\/146\/revisions"}],"predecessor-version":[{"id":413,"href":"https:\/\/societesplurielles.fr\/en\/wp-json\/wp\/v2\/pages\/146\/revisions\/413"}],"up":[{"embeddable":true,"href":"https:\/\/societesplurielles.fr\/en\/wp-json\/wp\/v2\/pages\/90"}],"wp:attachment":[{"href":"https:\/\/societesplurielles.fr\/en\/wp-json\/wp\/v2\/media?parent=146"}],"curies":[{"name":"wp","href":"https:\/\/api.w.org\/{rel}","templated":true}]}}