{"id":229,"date":"2016-06-02T16:06:22","date_gmt":"2016-06-02T14:06:22","guid":{"rendered":"http:\/\/localhost\/www\/SP-dev\/?page_id=229"},"modified":"2017-09-19T14:57:38","modified_gmt":"2017-09-19T12:57:38","slug":"history","status":"publish","type":"page","link":"https:\/\/societesplurielles.fr\/en\/about-us\/history\/","title":{"rendered":"Background","raw":"Background"},"content":{"rendered":"<p>The Plural Societies interdisciplinary programme was established in spring 2014 and focuses on the exploration of the <strong>concept and concrete manifestations of the plural<\/strong>.<\/p>\n<p>The programme is divided into two transverse research areas,\u00a0i.e. <a href=\"https:\/\/societesplurielles.fr\/en\/demarche-scientifique\/conceptual-approach\/\">theoretical and epistemological<\/a>, and three integrated projects, each of which involves defined objects and terrains centred on the individual in plural societies, the policies of pluralism and the forms of resilience to the crisis in plural societies.<\/p>\n<p>After two years, synergies emerged between topics that initially appeared separate and prompted <strong>interdisciplinary reflections<\/strong>\u00a0around objects such as:<\/p>\n<ul>\n<li>concepts and interdisciplinarity from a comparative perspective;<\/li>\n<li>migrations, diversity and bricolage;<\/li>\n<li>the city and plural society in the long term;<\/li>\n<li>forms of resilience to crisis in a plural society.<\/li>\n<\/ul>\n<p>The programme is the product of a declared commitment to <strong>promoting cooperation between the research groups of the different partner universities<\/strong>.<\/p>\n<p>Hence it is structured with a view to promoting transversality and interdisciplinarity and includes a transverse monthly seminar (<a href=\"https:\/\/societesplurielles.fr\/en\/publications\/videos\/\">meetings recorded with online access via the website<\/a>), two focus groups on interdisciplinarity (<a href=\"https:\/\/societesplurielles.fr\/en\/demarche-scientifique\/repenser-les-paradigmes\/\">Rethinking the Paradigms,\u00a0The Creativity of Interdisciplinarity<\/a>), and the interdisciplinary journal\u00a0Soci\u00e9t\u00e9s plurielles.<\/p>\n","protected":false,"raw":"The Plural Societies interdisciplinary programme was established in spring 2014 and focuses on the exploration of the <strong>concept and concrete manifestations of the plural<\/strong>.\r\n\r\nThe programme is divided into two transverse research areas,\u00a0i.e. <a href=\"http:\/\/societesplurielles.fr\/en\/demarche-scientifique\/conceptual-approach\/\">theoretical and epistemological<\/a>, and three integrated projects, each of which involves defined objects and terrains centred on the individual in plural societies, the policies of pluralism and the forms of resilience to the crisis in plural societies.\r\n\r\nAfter two years, synergies emerged between topics that initially appeared separate and prompted <strong>interdisciplinary reflections<\/strong>\u00a0around objects such as:\r\n<ul>\r\n \t<li>concepts and interdisciplinarity from a comparative perspective;<\/li>\r\n \t<li>migrations, diversity and bricolage;<\/li>\r\n \t<li>the city and plural society in the long term;<\/li>\r\n \t<li>forms of resilience to crisis in a plural society.<\/li>\r\n<\/ul>\r\nThe programme is the product of a declared commitment to <strong>promoting cooperation between the research groups of the different partner universities<\/strong>.\r\n\r\nHence it is structured with a view to promoting transversality and interdisciplinarity and includes a transverse monthly seminar (<a href=\"http:\/\/societesplurielles.fr\/en\/publications\/videos\/\">meetings recorded with online access via the website<\/a>), two focus groups on interdisciplinarity (<a href=\"http:\/\/societesplurielles.fr\/en\/demarche-scientifique\/repenser-les-paradigmes\/\">Rethinking the Paradigms,\u00a0The Creativity of Interdisciplinarity<\/a>), and the interdisciplinary journal\u00a0Soci\u00e9t\u00e9s plurielles."},"excerpt":{"rendered":"","protected":false,"raw":""},"author":1,"featured_media":0,"parent":81,"menu_order":1,"comment_status":"closed","ping_status":"closed","template":"","meta":{"_fr_post_content":"Le programme Interdisciplinaire Soci\u00e9t\u00e9s plurielles s\u2019est constitu\u00e9 au printemps 2014 autour d\u2019une r\u00e9flexion sur <strong>la notion et les manifestations concr\u00e8tes du pluriel<\/strong>.\r\n\r\nLe programme est structur\u00e9 en deux axes de recherche transversal, <a href=\"http:\/\/societesplurielles.fr\/demarche-scientifique\/approche-conceptuelle\/\">th\u00e9orique et \u00e9pist\u00e9mologique<\/a>, et trois projets-int\u00e9gr\u00e9s\u00a0portant chacun sur des objets et des terrains d\u00e9finis, centr\u00e9s sur l\u2019individu dans les soci\u00e9t\u00e9s plurielles, les politiques du pluralisme et les formes de r\u00e9silience \u00e0 la crise dans les soci\u00e9t\u00e9s plurielles.\r\n\r\nDepuis deux ans des th\u00e9matiques au d\u00e9part distinctes ont \u00e9tabli des synergies et fait \u00e9merger une <strong>r\u00e9flexion interdisciplinaire<\/strong> autour d\u2019objets tels que :\r\n<ul>\r\n \t<li>concepts et interdisciplinarit\u00e9 dans une perspective comparatiste\u00a0;<\/li>\r\n \t<li>migrations, diversit\u00e9 et bricolage\u00a0;<\/li>\r\n \t<li>ville et soci\u00e9t\u00e9 plurielle dans la longue dur\u00e9e\u00a0;<\/li>\r\n \t<li>formes de r\u00e9silience \u00e0 la crise dans une soci\u00e9t\u00e9 plurielle.<\/li>\r\n<\/ul>\r\nCeci est l\u2019aboutissement d\u2019une volont\u00e9 affirm\u00e9e de <strong>promouvoir la coop\u00e9ration entre laboratoires des diff\u00e9rentes universit\u00e9s partenaires<\/strong>.\r\n\r\nAinsi, le programme s\u2019est structur\u00e9 en sorte de favoriser la transversalit\u00e9 et l\u2019interdisciplinarit\u00e9, en se dotant d'un s\u00e9minaire transversal mensuel (<a href=\"http:\/\/societesplurielles.fr\/publications\/videos\/\" target=\"_blank\">s\u00e9ances enregistr\u00e9es et mises en ligne sur le site<\/a>), de deux groupes de r\u00e9flexion sur l\u2019interdisciplinarit\u00e9 (<a href=\"http:\/\/societesplurielles.fr\/demarche-scientifique\/repenser-les-paradigmes\/\" target=\"_blank\">Repenser les paradigmes<\/a>, <a href=\"http:\/\/societesplurielles.fr\/demarche-scientifique\/la-creativite-de-linterdisciplinarite\/\" target=\"_blank\">La cr\u00e9ativit\u00e9 de l\u2019interdisciplinarit\u00e9<\/a>), et de la Revue interdisciplinaire <a href=\"http:\/\/societesplurielles.fr\/publications\/revue-societes-plurielles\/\"><em>Soci\u00e9t\u00e9s plurielles<\/em><\/a>.","_fr_post_name":"historique","_fr_post_excerpt":"","_fr_post_title":"Historique","_en_post_content":"The Plural Societies interdisciplinary programme was established in spring 2014 and focuses on the exploration of the <strong>concept and concrete manifestations of the plural<\/strong>.\r\n\r\nThe programme is divided into two transverse research areas,\u00a0i.e. <a href=\"http:\/\/societesplurielles.fr\/en\/demarche-scientifique\/conceptual-approach\/\">theoretical and epistemological<\/a>, and three integrated projects, each of which involves defined objects and terrains centred on the individual in plural societies, the policies of pluralism and the forms of resilience to the crisis in plural societies.\r\n\r\nAfter two years, synergies emerged between topics that initially appeared separate and prompted <strong>interdisciplinary reflections<\/strong>\u00a0around objects such as:\r\n<ul>\r\n \t<li>concepts and interdisciplinarity from a comparative perspective;<\/li>\r\n \t<li>migrations, diversity and bricolage;<\/li>\r\n \t<li>the city and plural society in the long term;<\/li>\r\n \t<li>forms of resilience to crisis in a plural society.<\/li>\r\n<\/ul>\r\nThe programme is the product of a declared commitment to <strong>promoting cooperation between the research groups of the different partner universities<\/strong>.\r\n\r\nHence it is structured with a view to promoting transversality and interdisciplinarity and includes a transverse monthly seminar (<a href=\"http:\/\/societesplurielles.fr\/en\/publications\/videos\/\">meetings recorded with online access via the website<\/a>), two focus groups on interdisciplinarity (<a href=\"http:\/\/societesplurielles.fr\/en\/demarche-scientifique\/repenser-les-paradigmes\/\">Rethinking the Paradigms,\u00a0The Creativity of Interdisciplinarity<\/a>), and the interdisciplinary journal\u00a0Soci\u00e9t\u00e9s plurielles.","_en_post_name":"history","_en_post_excerpt":"","_en_post_title":"Background","edit_language":"en","footnotes":""},"class_list":["post-229","page","type-page","status-publish","hentry"],"_links":{"self":[{"href":"https:\/\/societesplurielles.fr\/en\/wp-json\/wp\/v2\/pages\/229","targetHints":{"allow":["GET"]}}],"collection":[{"href":"https:\/\/societesplurielles.fr\/en\/wp-json\/wp\/v2\/pages"}],"about":[{"href":"https:\/\/societesplurielles.fr\/en\/wp-json\/wp\/v2\/types\/page"}],"author":[{"embeddable":true,"href":"https:\/\/societesplurielles.fr\/en\/wp-json\/wp\/v2\/users\/1"}],"replies":[{"embeddable":true,"href":"https:\/\/societesplurielles.fr\/en\/wp-json\/wp\/v2\/comments?post=229"}],"version-history":[{"count":14,"href":"https:\/\/societesplurielles.fr\/en\/wp-json\/wp\/v2\/pages\/229\/revisions"}],"predecessor-version":[{"id":1112,"href":"https:\/\/societesplurielles.fr\/en\/wp-json\/wp\/v2\/pages\/229\/revisions\/1112"}],"up":[{"embeddable":true,"href":"https:\/\/societesplurielles.fr\/en\/wp-json\/wp\/v2\/pages\/81"}],"wp:attachment":[{"href":"https:\/\/societesplurielles.fr\/en\/wp-json\/wp\/v2\/media?parent=229"}],"curies":[{"name":"wp","href":"https:\/\/api.w.org\/{rel}","templated":true}]}}