{"id":463,"date":"2016-06-07T01:20:00","date_gmt":"2016-06-06T23:20:00","guid":{"rendered":"http:\/\/localhost\/www\/SP-dev\/?page_id=463"},"modified":"2017-09-15T16:01:43","modified_gmt":"2017-09-15T14:01:43","slug":"legal","status":"publish","type":"page","link":"https:\/\/societesplurielles.fr\/en\/legal\/","title":{"rendered":"Legal","raw":"Legal"},"content":{"rendered":"<div class=\"contact-adress-tel\" style=\"padding-left: 30px;\">Universit\u00e9 Sorbonne Paris Cit\u00e9<br \/>\n190, avenue de France<br \/>\n75013 Paris<\/div>\n<p>&nbsp;<\/p>\n<h2>Direction de la publication<\/h2>\n<p>Madalina V\u00e2rtejanu-Joubert, coordinatrice du programme<\/p>\n<h2>Contact<\/h2>\n<p>Gabrielle Chomentowski, responsable \u00e9ditoriale du site internet<br \/>\n<a href=\"mailto:contact@societesplurielles.fr\"> contact@societesplurielles.fr<\/a><\/p>\n<h2>H\u00e9bergement<\/h2>\n<p>OVH<br \/>\n2 rue Kellermann<br \/>\n59100 Roubaix &#8211; France<br \/>\nTVA : FR 22 424 761 419<\/p>\n<h2>Images<\/h2>\n<p>Page d&#8217;accueil \/ autres :<br \/>\n<a href=\"https:\/\/pixabay.com\/en\/abstract-art-painting-colors-591416\/\" target=\"_blank\">Anonyme (2015)<\/a><\/p>\n<p>Approche conceptuelle :<br \/>\n<a href=\"https:\/\/www.flickr.com\/photos\/wespeck\/4667535253\/\" target=\"_blank\">GFPeck, Penrose triangle (2010)<\/a><\/p>\n<p>Interdisciplinarit\u00e9 :<br \/>\n<a href=\"https:\/\/encyclopedie.uchicago.edu\/content\/arbre-g%C3%A9n%C3%A9alogique\" target=\"_blank\">Chr\u00e9tien Frederic Guillaume Roth, Essai d&#8217;une distribution g\u00e9n\u00e9alogique des sciences et des arts principaux (1769)<\/a><\/p>\n<p>Repenser les paradigmes :<br \/>\n<a href=\"https:\/\/www.flickr.com\/photos\/x6e38\/3440634940\/in\/photolist-6f39U5-2QXF8R-9EEb7k-q9JmSt-5HUF2Q-e3ZPQ7-5HQxfT-5TbJAs-aACac4-aicoLr-9LiWM6-aif2Cy-337kdZ-5GwKKY-2RqRcP-5z6KW3-9Lj5Wr-2RqQbp-dvUCYG-4cJREd-ge5BS1-2R1oNb-5MEbUq-8sf1q1-epEV79-4YP6jM-2RqQEF-9xPQtR-4zjmhe-6eYftM-9s3evt-qJtA3m-9yEoqq-7pbAv4-6eYfsg-9sWis3-dvP74B-9scDvw-9sTSKC-4YP5rP-9xgUcD-5yZ7UR-9rDks5-9xZXHi-4cERHr-9rB1tn-9uKbvs-9JxaVT-9tBuUR-w3qJXu\" target=\"_blank\">x6e38, 1040 (2009)<\/a><\/p>\n<p>Vies au singulier :<br \/>\n<a href=\"http:\/\/societesplurielles.fr\/axes-de-recherche\/societes-plurielles-vies-au-singulier\/\" target=\"_blank\">Kandinsky, Dessin pr\u00e9paratoire (1928)<\/a><\/p>\n<p>Politiques du pluralisme :<br \/>\n<a href=\"https:\/\/commons.wikimedia.org\/wiki\/File:Le_combat_de_Carnaval_et_de_Car%C3%AAme_Pieter_Brueghel_l'Ancien.jpg?uselang=fr\" target=\"_blank\">Pieter Brueghel l&#8217;Ancien, Le combat de Carnaval et de Car\u00eame (1559)<\/a><\/p>\n<p>Guerres et conflits<br \/>\n<a href=\"https:\/\/commons.wikimedia.org\/wiki\/File:Peter_Paul_Ruben's_copy_of_the_lost_Battle_of_Anghiari.jpg\" target=\"_blank\">Pierre Paul Rubens, La bataille d&#8217;Anghieri, copie d&#8217;apr\u00e8s L\u00e9onard de Vinci (env. 1603)<\/a><\/p>\n<p>\u00c9v\u00e9nements \/ \u00c0 venir \/ \u00c9v\u00e9nements pass\u00e9s :<br \/>\n<a href=\"http:\/\/societesplurielles.fr\/evenements-scientifiques\/\">Gabrielle Chomentowski, Photographies de peinture murale parisienne (2016)<\/a><\/p>\n<h2>Informations nominatives et donn\u00e9es personnelles<\/h2>\n<p>Les donn\u00e9es personnelles collect\u00e9es sur ce site sont destin\u00e9es \u00e0 Soci\u00e9t\u00e9s plurielles qui, de convention expresse, est autoris\u00e9e \u00e0 les conserver en m\u00e9moire informatique. Conform\u00e9ment aux dispositions de la loi 78-17, vous disposez d\u2019un droit d\u2019acc\u00e8s, de modification, de rectification et de suppression des donn\u00e9es qui vous concernent (article 34 de la loi \u00ab Informatique et Libert\u00e9s \u00bb n\u00b078-17 du 6 janvier 1978). Pour l\u2019exercer, adressez-vous \u00e0 <a href=\"mailto:contact@societesplurielles.fr\">contact@societesplurielles.fr<\/a><\/p>\n","protected":false,"raw":"<div class=\"contact-adress-tel\" style=\"padding-left: 30px;\">Universit\u00e9 Sorbonne Paris Cit\u00e9\r\n190, avenue de France\r\n75013 Paris<\/div>\r\n&nbsp;\r\n<h2>Direction de la publication<\/h2>\r\nMadalina V\u00e2rtejanu-Joubert, coordinatrice du programme\r\n<h2>Contact<\/h2>\r\nGabrielle Chomentowski, responsable \u00e9ditoriale du site internet\r\n<a href=\"mailto:contact@societesplurielles.fr\"> contact@societesplurielles.fr<\/a>\r\n<h2>H\u00e9bergement<\/h2>\r\nOVH\r\n2 rue Kellermann\r\n59100 Roubaix - France\r\nTVA : FR 22 424 761 419\r\n<h2>Images<\/h2>\r\nPage d'accueil \/ autres :\r\n<a href=\"https:\/\/pixabay.com\/en\/abstract-art-painting-colors-591416\/\" target=\"_blank\">Anonyme (2015)<\/a>\r\n\r\nApproche conceptuelle :\r\n<a href=\"https:\/\/www.flickr.com\/photos\/wespeck\/4667535253\/\" target=\"_blank\">GFPeck, Penrose triangle (2010)<\/a>\r\n\r\nInterdisciplinarit\u00e9 :\r\n<a href=\"https:\/\/encyclopedie.uchicago.edu\/content\/arbre-g%C3%A9n%C3%A9alogique\" target=\"_blank\">Chr\u00e9tien Frederic Guillaume Roth, Essai d'une distribution g\u00e9n\u00e9alogique des sciences et des arts principaux (1769)<\/a>\r\n\r\nRepenser les paradigmes :\r\n<a href=\"https:\/\/www.flickr.com\/photos\/x6e38\/3440634940\/in\/photolist-6f39U5-2QXF8R-9EEb7k-q9JmSt-5HUF2Q-e3ZPQ7-5HQxfT-5TbJAs-aACac4-aicoLr-9LiWM6-aif2Cy-337kdZ-5GwKKY-2RqRcP-5z6KW3-9Lj5Wr-2RqQbp-dvUCYG-4cJREd-ge5BS1-2R1oNb-5MEbUq-8sf1q1-epEV79-4YP6jM-2RqQEF-9xPQtR-4zjmhe-6eYftM-9s3evt-qJtA3m-9yEoqq-7pbAv4-6eYfsg-9sWis3-dvP74B-9scDvw-9sTSKC-4YP5rP-9xgUcD-5yZ7UR-9rDks5-9xZXHi-4cERHr-9rB1tn-9uKbvs-9JxaVT-9tBuUR-w3qJXu\" target=\"_blank\">x6e38, 1040 (2009)<\/a>\r\n\r\nVies au singulier :\r\n<a href=\"http:\/\/societesplurielles.fr\/axes-de-recherche\/societes-plurielles-vies-au-singulier\/\" target=\"_blank\">Kandinsky, Dessin pr\u00e9paratoire (1928)<\/a>\r\n\r\nPolitiques du pluralisme :\r\n<a href=\"https:\/\/commons.wikimedia.org\/wiki\/File:Le_combat_de_Carnaval_et_de_Car%C3%AAme_Pieter_Brueghel_l'Ancien.jpg?uselang=fr\" target=\"_blank\">Pieter Brueghel l'Ancien, Le combat de Carnaval et de Car\u00eame (1559)<\/a>\r\n\r\nGuerres et conflits\r\n<a href=\"https:\/\/commons.wikimedia.org\/wiki\/File:Peter_Paul_Ruben's_copy_of_the_lost_Battle_of_Anghiari.jpg\" target=\"_blank\">Pierre Paul Rubens, La bataille d'Anghieri, copie d'apr\u00e8s L\u00e9onard de Vinci (env. 1603)<\/a>\r\n\r\n\u00c9v\u00e9nements \/ \u00c0 venir \/ \u00c9v\u00e9nements pass\u00e9s :\r\n<a href=\"http:\/\/societesplurielles.fr\/evenements-scientifiques\/\">Gabrielle Chomentowski, Photographies de peinture murale parisienne (2016)<\/a>\r\n<h2>Informations nominatives et donn\u00e9es personnelles<\/h2>\r\nLes donn\u00e9es personnelles collect\u00e9es sur ce site sont destin\u00e9es \u00e0 Soci\u00e9t\u00e9s plurielles qui, de convention expresse, est autoris\u00e9e \u00e0 les conserver en m\u00e9moire informatique. Conform\u00e9ment aux dispositions de la loi 78-17, vous disposez d\u2019un droit d\u2019acc\u00e8s, de modification, de rectification et de suppression des donn\u00e9es qui vous concernent (article 34 de la loi \u00ab Informatique et Libert\u00e9s \u00bb n\u00b078-17 du 6 janvier 1978). Pour l\u2019exercer, adressez-vous \u00e0 <a href=\"mailto:contact@societesplurielles.fr\">contact@societesplurielles.fr<\/a>"},"excerpt":{"rendered":"","protected":false,"raw":""},"author":1,"featured_media":0,"parent":0,"menu_order":72,"comment_status":"closed","ping_status":"closed","template":"","meta":{"_fr_post_content":"Soci\u00e9t\u00e9s plurielles est un programme en sciences sociales de l\u2019Universit\u00e9 Sorbonne Paris Cit\u00e9.\n<div class=\"contact-adress-tel\" style=\"padding-left: 30px;\">Universit\u00e9 Sorbonne Paris Cit\u00e9\n190, avenue de France\n75013 Paris<\/div>\n<h2>Direction de la publication<\/h2>\nMadalina V\u00e2rtejanu-Joubert, coordinatrice du programme\n<h2>Contact<\/h2>\nGabrielle Chomentowski, responsable \u00e9ditoriale du site internet\n<a href=\"mailto:contact@societesplurielles.fr\"> contact@societesplurielles.fr<\/a>\n<h2>H\u00e9bergement<\/h2>\nOVH\n2 rue Kellermann\n59100 Roubaix - France\nTVA : FR 22 424 761 419\n<h2>Images<\/h2>\nPage d'accueil \/ autres :\n<a href=\"https:\/\/pixabay.com\/en\/abstract-art-painting-colors-591416\/\" target=\"_blank\">Anonyme (2015)<\/a>\n\nApproche conceptuelle :\n<a href=\"https:\/\/www.flickr.com\/photos\/wespeck\/4667535253\/\" target=\"_blank\">GFPeck, Penrose triangle (2010)<\/a>\n\nInterdisciplinarit\u00e9 :\n<a href=\"https:\/\/encyclopedie.uchicago.edu\/content\/arbre-g%C3%A9n%C3%A9alogique\" target=\"_blank\">Chr\u00e9tien Frederic Guillaume Roth, Essai d'une distribution g\u00e9n\u00e9alogique des sciences et des arts principaux (1769)<\/a>\n\nRepenser les paradigmes :\n<a href=\"https:\/\/www.flickr.com\/photos\/x6e38\/3440634940\/in\/photolist-6f39U5-2QXF8R-9EEb7k-q9JmSt-5HUF2Q-e3ZPQ7-5HQxfT-5TbJAs-aACac4-aicoLr-9LiWM6-aif2Cy-337kdZ-5GwKKY-2RqRcP-5z6KW3-9Lj5Wr-2RqQbp-dvUCYG-4cJREd-ge5BS1-2R1oNb-5MEbUq-8sf1q1-epEV79-4YP6jM-2RqQEF-9xPQtR-4zjmhe-6eYftM-9s3evt-qJtA3m-9yEoqq-7pbAv4-6eYfsg-9sWis3-dvP74B-9scDvw-9sTSKC-4YP5rP-9xgUcD-5yZ7UR-9rDks5-9xZXHi-4cERHr-9rB1tn-9uKbvs-9JxaVT-9tBuUR-w3qJXu\" target=\"_blank\">x6e38, 1040 (2009)<\/a>\n\nVies au singulier :\n<a href=\"http:\/\/societesplurielles.fr\/axes-de-recherche\/societes-plurielles-vies-au-singulier\/\" target=\"_blank\">Kandinsky, Dessin pr\u00e9paratoire (1928)<\/a>\n\nPolitiques du pluralisme :\n<a href=\"https:\/\/commons.wikimedia.org\/wiki\/File:Le_combat_de_Carnaval_et_de_Car%C3%AAme_Pieter_Brueghel_l'Ancien.jpg?uselang=fr\" target=\"_blank\">Pieter Brueghel l'Ancien, Le combat de Carnaval et de Car\u00eame (1559)<\/a>\n\nGuerres et conflits\n<a href=\"https:\/\/commons.wikimedia.org\/wiki\/File:Peter_Paul_Ruben's_copy_of_the_lost_Battle_of_Anghiari.jpg\" target=\"_blank\">Pierre Paul Rubens, La bataille d'Anghieri, copie d'apr\u00e8s L\u00e9onard de Vinci (env. 1603)<\/a>\n\n\u00c9v\u00e9nements \/ \u00c0 venir \/ \u00c9v\u00e9nements pass\u00e9s :\n<a href=\"http:\/\/societesplurielles.fr\/evenements-scientifiques\/\">Gabrielle Chomentowski, Photographies de peinture murale parisienne (2016)<\/a>\n<h2>Informations nominatives et donn\u00e9es personnelles<\/h2>\nLes donn\u00e9es personnelles collect\u00e9es sur ce site sont destin\u00e9es \u00e0 Soci\u00e9t\u00e9s plurielles qui, de convention expresse, est autoris\u00e9e \u00e0 les conserver en m\u00e9moire informatique. Conform\u00e9ment aux dispositions de la loi 78-17, vous disposez d\u2019un droit d\u2019acc\u00e8s, de modification, de rectification et de suppression des donn\u00e9es qui vous concernent (article 34 de la loi \u00ab Informatique et Libert\u00e9s \u00bb n\u00b078-17 du 6 janvier 1978). Pour l\u2019exercer, adressez-vous \u00e0 <a href=\"mailto:contact@societesplurielles.fr\">contact@societesplurielles.fr<\/a>","_fr_post_name":"mentions-legales","_fr_post_excerpt":"","_fr_post_title":"Mentions l\u00e9gales","_en_post_content":"<div class=\"contact-adress-tel\" style=\"padding-left: 30px;\">Universit\u00e9 Sorbonne Paris Cit\u00e9\r\n190, avenue de France\r\n75013 Paris<\/div>\r\n&nbsp;\r\n<h2>Direction de la publication<\/h2>\r\nMadalina V\u00e2rtejanu-Joubert, coordinatrice du programme\r\n<h2>Contact<\/h2>\r\nGabrielle Chomentowski, responsable \u00e9ditoriale du site internet\r\n<a href=\"mailto:contact@societesplurielles.fr\"> contact@societesplurielles.fr<\/a>\r\n<h2>H\u00e9bergement<\/h2>\r\nOVH\r\n2 rue Kellermann\r\n59100 Roubaix - France\r\nTVA : FR 22 424 761 419\r\n<h2>Images<\/h2>\r\nPage d'accueil \/ autres :\r\n<a href=\"https:\/\/pixabay.com\/en\/abstract-art-painting-colors-591416\/\" target=\"_blank\">Anonyme (2015)<\/a>\r\n\r\nApproche conceptuelle :\r\n<a href=\"https:\/\/www.flickr.com\/photos\/wespeck\/4667535253\/\" target=\"_blank\">GFPeck, Penrose triangle (2010)<\/a>\r\n\r\nInterdisciplinarit\u00e9 :\r\n<a href=\"https:\/\/encyclopedie.uchicago.edu\/content\/arbre-g%C3%A9n%C3%A9alogique\" target=\"_blank\">Chr\u00e9tien Frederic Guillaume Roth, Essai d'une distribution g\u00e9n\u00e9alogique des sciences et des arts principaux (1769)<\/a>\r\n\r\nRepenser les paradigmes :\r\n<a href=\"https:\/\/www.flickr.com\/photos\/x6e38\/3440634940\/in\/photolist-6f39U5-2QXF8R-9EEb7k-q9JmSt-5HUF2Q-e3ZPQ7-5HQxfT-5TbJAs-aACac4-aicoLr-9LiWM6-aif2Cy-337kdZ-5GwKKY-2RqRcP-5z6KW3-9Lj5Wr-2RqQbp-dvUCYG-4cJREd-ge5BS1-2R1oNb-5MEbUq-8sf1q1-epEV79-4YP6jM-2RqQEF-9xPQtR-4zjmhe-6eYftM-9s3evt-qJtA3m-9yEoqq-7pbAv4-6eYfsg-9sWis3-dvP74B-9scDvw-9sTSKC-4YP5rP-9xgUcD-5yZ7UR-9rDks5-9xZXHi-4cERHr-9rB1tn-9uKbvs-9JxaVT-9tBuUR-w3qJXu\" target=\"_blank\">x6e38, 1040 (2009)<\/a>\r\n\r\nVies au singulier :\r\n<a href=\"http:\/\/societesplurielles.fr\/axes-de-recherche\/societes-plurielles-vies-au-singulier\/\" target=\"_blank\">Kandinsky, Dessin pr\u00e9paratoire (1928)<\/a>\r\n\r\nPolitiques du pluralisme :\r\n<a href=\"https:\/\/commons.wikimedia.org\/wiki\/File:Le_combat_de_Carnaval_et_de_Car%C3%AAme_Pieter_Brueghel_l'Ancien.jpg?uselang=fr\" target=\"_blank\">Pieter Brueghel l'Ancien, Le combat de Carnaval et de Car\u00eame (1559)<\/a>\r\n\r\nGuerres et conflits\r\n<a href=\"https:\/\/commons.wikimedia.org\/wiki\/File:Peter_Paul_Ruben's_copy_of_the_lost_Battle_of_Anghiari.jpg\" target=\"_blank\">Pierre Paul Rubens, La bataille d'Anghieri, copie d'apr\u00e8s L\u00e9onard de Vinci (env. 1603)<\/a>\r\n\r\n\u00c9v\u00e9nements \/ \u00c0 venir \/ \u00c9v\u00e9nements pass\u00e9s :\r\n<a href=\"http:\/\/societesplurielles.fr\/evenements-scientifiques\/\">Gabrielle Chomentowski, Photographies de peinture murale parisienne (2016)<\/a>\r\n<h2>Informations nominatives et donn\u00e9es personnelles<\/h2>\r\nLes donn\u00e9es personnelles collect\u00e9es sur ce site sont destin\u00e9es \u00e0 Soci\u00e9t\u00e9s plurielles qui, de convention expresse, est autoris\u00e9e \u00e0 les conserver en m\u00e9moire informatique. Conform\u00e9ment aux dispositions de la loi 78-17, vous disposez d\u2019un droit d\u2019acc\u00e8s, de modification, de rectification et de suppression des donn\u00e9es qui vous concernent (article 34 de la loi \u00ab Informatique et Libert\u00e9s \u00bb n\u00b078-17 du 6 janvier 1978). Pour l\u2019exercer, adressez-vous \u00e0 <a href=\"mailto:contact@societesplurielles.fr\">contact@societesplurielles.fr<\/a>","_en_post_name":"legal","_en_post_excerpt":"","_en_post_title":"Legal","edit_language":"en","footnotes":""},"class_list":["post-463","page","type-page","status-publish","hentry"],"_links":{"self":[{"href":"https:\/\/societesplurielles.fr\/en\/wp-json\/wp\/v2\/pages\/463","targetHints":{"allow":["GET"]}}],"collection":[{"href":"https:\/\/societesplurielles.fr\/en\/wp-json\/wp\/v2\/pages"}],"about":[{"href":"https:\/\/societesplurielles.fr\/en\/wp-json\/wp\/v2\/types\/page"}],"author":[{"embeddable":true,"href":"https:\/\/societesplurielles.fr\/en\/wp-json\/wp\/v2\/users\/1"}],"replies":[{"embeddable":true,"href":"https:\/\/societesplurielles.fr\/en\/wp-json\/wp\/v2\/comments?post=463"}],"version-history":[{"count":12,"href":"https:\/\/societesplurielles.fr\/en\/wp-json\/wp\/v2\/pages\/463\/revisions"}],"predecessor-version":[{"id":469,"href":"https:\/\/societesplurielles.fr\/en\/wp-json\/wp\/v2\/pages\/463\/revisions\/469"}],"wp:attachment":[{"href":"https:\/\/societesplurielles.fr\/en\/wp-json\/wp\/v2\/media?parent=463"}],"curies":[{"name":"wp","href":"https:\/\/api.w.org\/{rel}","templated":true}]}}