{"id":480,"date":"2016-06-07T03:59:31","date_gmt":"2016-06-07T01:59:31","guid":{"rendered":"http:\/\/localhost\/www\/SP-dev\/?page_id=480"},"modified":"2017-09-15T16:00:50","modified_gmt":"2017-09-15T14:00:50","slug":"credits","status":"publish","type":"page","link":"https:\/\/societesplurielles.fr\/en\/credits\/","title":{"rendered":"Credits","raw":"Credits"},"content":{"rendered":"<h2>Pictures<\/h2>\n<p>Page d&#8217;accueil \/ autres :<br \/>\n<a href=\"https:\/\/pixabay.com\/en\/abstract-art-painting-colors-591416\/\" target=\"_blank\">Anonyme (2015)<\/a><\/p>\n<p>Approche conceptuelle :<br \/>\n<a href=\"https:\/\/www.flickr.com\/photos\/wespeck\/4667535253\/\" target=\"_blank\">GFPeck, Penrose triangle (2010)<\/a><\/p>\n<p>Interdisciplinarit\u00e9 :<br \/>\n<a href=\"https:\/\/encyclopedie.uchicago.edu\/content\/arbre-g%C3%A9n%C3%A9alogique\" target=\"_blank\">Chr\u00e9tien Frederic Guillaume Roth, Essai d&#8217;une distribution g\u00e9n\u00e9alogique des sciences et des arts principaux (1769)<\/a><\/p>\n<p>Repenser les paradigmes :<br \/>\n<a href=\"https:\/\/www.flickr.com\/photos\/x6e38\/3440634940\/in\/photolist-6f39U5-2QXF8R-9EEb7k-q9JmSt-5HUF2Q-e3ZPQ7-5HQxfT-5TbJAs-aACac4-aicoLr-9LiWM6-aif2Cy-337kdZ-5GwKKY-2RqRcP-5z6KW3-9Lj5Wr-2RqQbp-dvUCYG-4cJREd-ge5BS1-2R1oNb-5MEbUq-8sf1q1-epEV79-4YP6jM-2RqQEF-9xPQtR-4zjmhe-6eYftM-9s3evt-qJtA3m-9yEoqq-7pbAv4-6eYfsg-9sWis3-dvP74B-9scDvw-9sTSKC-4YP5rP-9xgUcD-5yZ7UR-9rDks5-9xZXHi-4cERHr-9rB1tn-9uKbvs-9JxaVT-9tBuUR-w3qJXu\" target=\"_blank\">x6e38, 1040 (2009)<\/a><\/p>\n<p>Vies au singulier :<br \/>\n<a href=\"http:\/\/societesplurielles.fr\/axes-de-recherche\/societes-plurielles-vies-au-singulier\/\" target=\"_blank\">Kandinsky, Dessin pr\u00e9paratoire (1928)<\/a><\/p>\n<p>Politiques du pluralisme :<br \/>\n<a href=\"https:\/\/commons.wikimedia.org\/wiki\/File:Le_combat_de_Carnaval_et_de_Car%C3%AAme_Pieter_Brueghel_l'Ancien.jpg?uselang=fr\" target=\"_blank\">Pieter Brueghel l&#8217;Ancien, Le combat de Carnaval et de Car\u00eame (1559)<\/a><\/p>\n<p>Guerres et conflits<br \/>\n<a href=\"https:\/\/commons.wikimedia.org\/wiki\/File:Peter_Paul_Ruben's_copy_of_the_lost_Battle_of_Anghiari.jpg\" target=\"_blank\">Pierre Paul Rubens, La bataille d&#8217;Anghieri, copie d&#8217;apr\u00e8s L\u00e9onard de Vinci (env. 1603)<\/a><\/p>\n<p>\u00c9v\u00e9nements \/ \u00c0 venir \/ \u00c9v\u00e9nements pass\u00e9s :<br \/>\n<a href=\"http:\/\/societesplurielles.fr\/evenements-scientifiques\/\">Gabrielle Chomentowski, Photographies de peinture murale parisienne (2016)<\/a><\/p>\n<h2>Website<\/h2>\n<p>Moteur de publication :<br \/>\n<a href=\"http:\/\/wordpress.org\" target=\"_blank\">WordPress<\/a><\/p>\n<p>Th\u00e8me :<br \/>\n<a href=\"http:\/\/www.andersnoren.se\" target=\"_blank\">Anders Nor\u00e9n<\/a> \/ <a href=\"http:\/\/e-morin.com\" target=\"_blank\">\u00c9tienne Morin<\/a><\/p>\n<p>Conception et r\u00e9alisation web :<br \/>\n<a href=\"http:\/\/e-morin.com\" target=\"_blank\">\u00c9tienne Morin<\/a><\/p>\n<p>Ma\u00eetrise d&#8217;\u0153uvre Soci\u00e9t\u00e9s plurielles :<br \/>\nCatherine Lejeune, Responsable des rapports d\u2019\u00e9tape et des relations publiques<br \/>\nGabrielle Chomentowski, Responsable de l&#8217;animation \u00e9ditoriale web<\/p>\n","protected":false,"raw":"<h2>Pictures<\/h2>\r\nPage d'accueil \/ autres :\r\n<a href=\"https:\/\/pixabay.com\/en\/abstract-art-painting-colors-591416\/\" target=\"_blank\">Anonyme (2015)<\/a>\r\n\r\nApproche conceptuelle :\r\n<a href=\"https:\/\/www.flickr.com\/photos\/wespeck\/4667535253\/\" target=\"_blank\">GFPeck, Penrose triangle (2010)<\/a>\r\n\r\nInterdisciplinarit\u00e9 :\r\n<a href=\"https:\/\/encyclopedie.uchicago.edu\/content\/arbre-g%C3%A9n%C3%A9alogique\" target=\"_blank\">Chr\u00e9tien Frederic Guillaume Roth, Essai d'une distribution g\u00e9n\u00e9alogique des sciences et des arts principaux (1769)<\/a>\r\n\r\nRepenser les paradigmes :\r\n<a href=\"https:\/\/www.flickr.com\/photos\/x6e38\/3440634940\/in\/photolist-6f39U5-2QXF8R-9EEb7k-q9JmSt-5HUF2Q-e3ZPQ7-5HQxfT-5TbJAs-aACac4-aicoLr-9LiWM6-aif2Cy-337kdZ-5GwKKY-2RqRcP-5z6KW3-9Lj5Wr-2RqQbp-dvUCYG-4cJREd-ge5BS1-2R1oNb-5MEbUq-8sf1q1-epEV79-4YP6jM-2RqQEF-9xPQtR-4zjmhe-6eYftM-9s3evt-qJtA3m-9yEoqq-7pbAv4-6eYfsg-9sWis3-dvP74B-9scDvw-9sTSKC-4YP5rP-9xgUcD-5yZ7UR-9rDks5-9xZXHi-4cERHr-9rB1tn-9uKbvs-9JxaVT-9tBuUR-w3qJXu\" target=\"_blank\">x6e38, 1040 (2009)<\/a>\r\n\r\nVies au singulier :\r\n<a href=\"http:\/\/societesplurielles.fr\/axes-de-recherche\/societes-plurielles-vies-au-singulier\/\" target=\"_blank\">Kandinsky, Dessin pr\u00e9paratoire (1928)<\/a>\r\n\r\nPolitiques du pluralisme :\r\n<a href=\"https:\/\/commons.wikimedia.org\/wiki\/File:Le_combat_de_Carnaval_et_de_Car%C3%AAme_Pieter_Brueghel_l'Ancien.jpg?uselang=fr\" target=\"_blank\">Pieter Brueghel l'Ancien, Le combat de Carnaval et de Car\u00eame (1559)<\/a>\r\n\r\nGuerres et conflits\r\n<a href=\"https:\/\/commons.wikimedia.org\/wiki\/File:Peter_Paul_Ruben's_copy_of_the_lost_Battle_of_Anghiari.jpg\" target=\"_blank\">Pierre Paul Rubens, La bataille d'Anghieri, copie d'apr\u00e8s L\u00e9onard de Vinci (env. 1603)<\/a>\r\n\r\n\u00c9v\u00e9nements \/ \u00c0 venir \/ \u00c9v\u00e9nements pass\u00e9s :\r\n<a href=\"http:\/\/societesplurielles.fr\/evenements-scientifiques\/\">Gabrielle Chomentowski, Photographies de peinture murale parisienne (2016)<\/a>\r\n<h2>Website<\/h2>\r\nMoteur de publication :\r\n<a href=\"http:\/\/wordpress.org\" target=\"_blank\">Wordpress<\/a>\r\n\r\nTh\u00e8me :\r\n<a href=\"http:\/\/www.andersnoren.se\" target=\"_blank\">Anders Nor\u00e9n<\/a> \/ <a href=\"http:\/\/e-morin.com\" target=\"_blank\">\u00c9tienne Morin<\/a>\r\n\r\nConception et r\u00e9alisation web :\r\n<a href=\"http:\/\/e-morin.com\" target=\"_blank\">\u00c9tienne Morin<\/a>\r\n\r\nMa\u00eetrise d'\u0153uvre Soci\u00e9t\u00e9s plurielles :\r\nCatherine Lejeune, Responsable des rapports d\u2019\u00e9tape et des relations publiques\r\nGabrielle Chomentowski, Responsable de l'animation \u00e9ditoriale web"},"excerpt":{"rendered":"","protected":false,"raw":""},"author":1,"featured_media":0,"parent":0,"menu_order":73,"comment_status":"closed","ping_status":"closed","template":"","meta":{"_fr_post_content":"<h2>Images<\/h2>\nPage d'accueil \/ autres :\n<a href=\"https:\/\/pixabay.com\/en\/abstract-art-painting-colors-591416\/\" target=\"_blank\">Anonyme (2015)<\/a>\n\nApproche conceptuelle :\n<a href=\"https:\/\/www.flickr.com\/photos\/wespeck\/4667535253\/\" target=\"_blank\">GFPeck, Penrose triangle (2010)<\/a>\n\nInterdisciplinarit\u00e9 :\n<a href=\"https:\/\/encyclopedie.uchicago.edu\/content\/arbre-g%C3%A9n%C3%A9alogique\" target=\"_blank\">Chr\u00e9tien Frederic Guillaume Roth, Essai d'une distribution g\u00e9n\u00e9alogique des sciences et des arts principaux (1769)<\/a>\n\nRepenser les paradigmes :\n<a href=\"https:\/\/www.flickr.com\/photos\/x6e38\/3440634940\/in\/photolist-6f39U5-2QXF8R-9EEb7k-q9JmSt-5HUF2Q-e3ZPQ7-5HQxfT-5TbJAs-aACac4-aicoLr-9LiWM6-aif2Cy-337kdZ-5GwKKY-2RqRcP-5z6KW3-9Lj5Wr-2RqQbp-dvUCYG-4cJREd-ge5BS1-2R1oNb-5MEbUq-8sf1q1-epEV79-4YP6jM-2RqQEF-9xPQtR-4zjmhe-6eYftM-9s3evt-qJtA3m-9yEoqq-7pbAv4-6eYfsg-9sWis3-dvP74B-9scDvw-9sTSKC-4YP5rP-9xgUcD-5yZ7UR-9rDks5-9xZXHi-4cERHr-9rB1tn-9uKbvs-9JxaVT-9tBuUR-w3qJXu\" target=\"_blank\">x6e38, 1040 (2009)<\/a>\n\nVies au singulier :\n<a href=\"http:\/\/societesplurielles.fr\/axes-de-recherche\/societes-plurielles-vies-au-singulier\/\" target=\"_blank\">Kandinsky, Dessin pr\u00e9paratoire (1928)<\/a>\n\nPolitiques du pluralisme :\n<a href=\"https:\/\/commons.wikimedia.org\/wiki\/File:Le_combat_de_Carnaval_et_de_Car%C3%AAme_Pieter_Brueghel_l'Ancien.jpg?uselang=fr\" target=\"_blank\">Pieter Brueghel l'Ancien, Le combat de Carnaval et de Car\u00eame (1559)<\/a>\n\nGuerres et conflits\n<a href=\"https:\/\/commons.wikimedia.org\/wiki\/File:Peter_Paul_Ruben's_copy_of_the_lost_Battle_of_Anghiari.jpg\" target=\"_blank\">Pierre Paul Rubens, La bataille d'Anghieri, copie d'apr\u00e8s L\u00e9onard de Vinci (env. 1603)<\/a>\n\n\u00c9v\u00e9nements \/ \u00c0 venir \/ \u00c9v\u00e9nements pass\u00e9s :\n<a href=\"http:\/\/societesplurielles.fr\/evenements-scientifiques\/\">Gabrielle Chomentowski, Photographies de peinture murale parisienne (2016)<\/a>\n<h2>Site web<\/h2>\nMoteur de publication :\n<a href=\"http:\/\/wordpress.org\" target=\"_blank\">Wordpress<\/a>\n\nTh\u00e8me :\n<a href=\"http:\/\/www.andersnoren.se\" target=\"_blank\">Anders Nor\u00e9n<\/a> \/ <a href=\"http:\/\/e-morin.com\" target=\"_blank\">\u00c9tienne Morin<\/a>\n\nConception et r\u00e9alisation web :\n<a href=\"http:\/\/e-morin.com\" target=\"_blank\">\u00c9tienne Morin<\/a>\n\nMa\u00eetrise d'\u0153uvre Soci\u00e9t\u00e9s plurielles :\nCatherine Lejeune, Responsable des rapports d\u2019\u00e9tape et des relations publiques\nGabrielle Chomentowski, Responsable de l'animation \u00e9ditoriale web","_fr_post_name":"credits","_fr_post_excerpt":"","_fr_post_title":"Cr\u00e9dits","_en_post_content":"<h2>Pictures<\/h2>\r\nPage d'accueil \/ autres :\r\n<a href=\"https:\/\/pixabay.com\/en\/abstract-art-painting-colors-591416\/\" target=\"_blank\">Anonyme (2015)<\/a>\r\n\r\nApproche conceptuelle :\r\n<a href=\"https:\/\/www.flickr.com\/photos\/wespeck\/4667535253\/\" target=\"_blank\">GFPeck, Penrose triangle (2010)<\/a>\r\n\r\nInterdisciplinarit\u00e9 :\r\n<a href=\"https:\/\/encyclopedie.uchicago.edu\/content\/arbre-g%C3%A9n%C3%A9alogique\" target=\"_blank\">Chr\u00e9tien Frederic Guillaume Roth, Essai d'une distribution g\u00e9n\u00e9alogique des sciences et des arts principaux (1769)<\/a>\r\n\r\nRepenser les paradigmes :\r\n<a href=\"https:\/\/www.flickr.com\/photos\/x6e38\/3440634940\/in\/photolist-6f39U5-2QXF8R-9EEb7k-q9JmSt-5HUF2Q-e3ZPQ7-5HQxfT-5TbJAs-aACac4-aicoLr-9LiWM6-aif2Cy-337kdZ-5GwKKY-2RqRcP-5z6KW3-9Lj5Wr-2RqQbp-dvUCYG-4cJREd-ge5BS1-2R1oNb-5MEbUq-8sf1q1-epEV79-4YP6jM-2RqQEF-9xPQtR-4zjmhe-6eYftM-9s3evt-qJtA3m-9yEoqq-7pbAv4-6eYfsg-9sWis3-dvP74B-9scDvw-9sTSKC-4YP5rP-9xgUcD-5yZ7UR-9rDks5-9xZXHi-4cERHr-9rB1tn-9uKbvs-9JxaVT-9tBuUR-w3qJXu\" target=\"_blank\">x6e38, 1040 (2009)<\/a>\r\n\r\nVies au singulier :\r\n<a href=\"http:\/\/societesplurielles.fr\/axes-de-recherche\/societes-plurielles-vies-au-singulier\/\" target=\"_blank\">Kandinsky, Dessin pr\u00e9paratoire (1928)<\/a>\r\n\r\nPolitiques du pluralisme :\r\n<a href=\"https:\/\/commons.wikimedia.org\/wiki\/File:Le_combat_de_Carnaval_et_de_Car%C3%AAme_Pieter_Brueghel_l'Ancien.jpg?uselang=fr\" target=\"_blank\">Pieter Brueghel l'Ancien, Le combat de Carnaval et de Car\u00eame (1559)<\/a>\r\n\r\nGuerres et conflits\r\n<a href=\"https:\/\/commons.wikimedia.org\/wiki\/File:Peter_Paul_Ruben's_copy_of_the_lost_Battle_of_Anghiari.jpg\" target=\"_blank\">Pierre Paul Rubens, La bataille d'Anghieri, copie d'apr\u00e8s L\u00e9onard de Vinci (env. 1603)<\/a>\r\n\r\n\u00c9v\u00e9nements \/ \u00c0 venir \/ \u00c9v\u00e9nements pass\u00e9s :\r\n<a href=\"http:\/\/societesplurielles.fr\/evenements-scientifiques\/\">Gabrielle Chomentowski, Photographies de peinture murale parisienne (2016)<\/a>\r\n<h2>Website<\/h2>\r\nMoteur de publication :\r\n<a href=\"http:\/\/wordpress.org\" target=\"_blank\">Wordpress<\/a>\r\n\r\nTh\u00e8me :\r\n<a href=\"http:\/\/www.andersnoren.se\" target=\"_blank\">Anders Nor\u00e9n<\/a> \/ <a href=\"http:\/\/e-morin.com\" target=\"_blank\">\u00c9tienne Morin<\/a>\r\n\r\nConception et r\u00e9alisation web :\r\n<a href=\"http:\/\/e-morin.com\" target=\"_blank\">\u00c9tienne Morin<\/a>\r\n\r\nMa\u00eetrise d'\u0153uvre Soci\u00e9t\u00e9s plurielles :\r\nCatherine Lejeune, Responsable des rapports d\u2019\u00e9tape et des relations publiques\r\nGabrielle Chomentowski, Responsable de l'animation \u00e9ditoriale web","_en_post_name":"credits","_en_post_excerpt":"","_en_post_title":"Credits","edit_language":"en","footnotes":""},"class_list":["post-480","page","type-page","status-publish","hentry"],"_links":{"self":[{"href":"https:\/\/societesplurielles.fr\/en\/wp-json\/wp\/v2\/pages\/480","targetHints":{"allow":["GET"]}}],"collection":[{"href":"https:\/\/societesplurielles.fr\/en\/wp-json\/wp\/v2\/pages"}],"about":[{"href":"https:\/\/societesplurielles.fr\/en\/wp-json\/wp\/v2\/types\/page"}],"author":[{"embeddable":true,"href":"https:\/\/societesplurielles.fr\/en\/wp-json\/wp\/v2\/users\/1"}],"replies":[{"embeddable":true,"href":"https:\/\/societesplurielles.fr\/en\/wp-json\/wp\/v2\/comments?post=480"}],"version-history":[{"count":2,"href":"https:\/\/societesplurielles.fr\/en\/wp-json\/wp\/v2\/pages\/480\/revisions"}],"predecessor-version":[{"id":1412,"href":"https:\/\/societesplurielles.fr\/en\/wp-json\/wp\/v2\/pages\/480\/revisions\/1412"}],"wp:attachment":[{"href":"https:\/\/societesplurielles.fr\/en\/wp-json\/wp\/v2\/media?parent=480"}],"curies":[{"name":"wp","href":"https:\/\/api.w.org\/{rel}","templated":true}]}}