{"id":52,"date":"2016-05-31T00:09:21","date_gmt":"2016-05-30T22:09:21","guid":{"rendered":"http:\/\/localhost\/www\/SP-dev\/?page_id=52"},"modified":"2024-03-22T16:12:07","modified_gmt":"2024-03-22T15:12:07","slug":"the-societes-plurielles-journal","status":"publish","type":"page","link":"https:\/\/societesplurielles.fr\/en\/publications\/the-societes-plurielles-journal\/","title":{"rendered":"The <i>Soci\u00e9t\u00e9s Plurielles<\/i> Journal","raw":"The <i>Soci\u00e9t\u00e9s Plurielles<\/i> Journal"},"content":{"rendered":"<p>The first three issues are\u00a0available online on the <a href=\"https:\/\/www.episciences.org\/page\/journals\" target=\"_blank\">Episcience.org<\/a> platform.<\/p>\n<ul>\n<li><a href=\"https:\/\/societes-plurielles.episciences.org\/volume\/view\/id\/330\" target=\"_blank\">Varia<\/a>, n\u00b03, 2019<\/li>\n<li><a href=\"https:\/\/societes-plurielles.episciences.org\/volume\/view\/id\/330\" target=\"_blank\">Epist\u00e9mologies du pluriel<\/a>, n\u00b02, 2018<\/li>\n<li><a href=\"https:\/\/societes-plurielles.episciences.org\/volume\/view\/id\/307\" target=\"_blank\">Les sciences humaines et sociales \u00e0 l\u2019\u00e9preuve de l\u2019\u00e9v\u00e9nement<\/a>, n\u00b01, 2017<\/li>\n<\/ul>\n<h4><span style=\"color: #3366ff;\">Editorial policy<\/span><\/h4>\n<p><em>Soci\u00e9t\u00e9s Plurielles<\/em>\u00a0aims to introduce the findings of the research projects carried out under the Plural Societies programme (2014-2018) to the scientific world and to operate as a space for interdisciplinary reflection around the concept of the plural.<\/p>\n<p>Only unpublished articles and articles that have not been submitted simultaneously to other journals are accepted. Articles are selected for publication by the members of the journal\u2019s international scientific committee (<em>peer review<\/em>).<\/p>\n<p>The journal\u2019s main languages are French and English. Articles may also be published in other languages (German, Spanish, Italian) if accompanied by a detailed summary in English or French.<\/p>\n<h4><span style=\"color: #3366ff;\"><strong>Editor-in-chief<\/strong><\/span><\/h4>\n<p>Madalina V\u00e2rtejanu-Joubert (INALCO)<\/p>\n<h4><span style=\"color: #3366ff;\"><strong>Editorial committee<\/strong><\/span><\/h4>\n<p>Delphine All\u00e8s (INALCO), Liliane Crips (Universit\u00e9 Paris Diderot), Christophe Darmangeat (Universit\u00e9 Paris Diderot), \u00c9ric Magnin (Universit\u00e9 Paris Diderot), Delphine Pag\u00e8s-El Karoui (INALCO), Marie-Louise Pelus-Kaplan (Universit\u00e9 Paris Diderot), Patrick Renaud (Universit\u00e9 Sorbonne Nouvelle \u2013 Paris 3).<\/p>\n<h4><span style=\"color: #3366ff;\"><strong>Scientific committee<\/strong><\/span><\/h4>\n<p>Myriam Ababsa (IFPO\/Amman), Russell Belk (Universit\u00e9 de Toronto), Peter Blumenthal (Universit\u00e9 de K\u00f6ln), Hassen Boubakri (Universit\u00e9 de Sousse), Bernard Chavance (Universit\u00e9 Paris Diderot), \u00c9lisabeth Cunin (IRD), Han Entzinger (Universit\u00e9 de Rotterdam), Florence Gauthier (Universit\u00e9 Paris Diderot), Jean-Jacques Glassner (HAROC\/CNRS), David Inglis (University of Exeter), Tally Katz-Gerro (Universit\u00e9 de Haifa), Justin Kissangoula (Universit\u00e9 Paris Descartes), Yves-\u00c9douard Le Bos (Universit\u00e9 Sorbonne Nouvelle \u2013 Paris 3), Liliane Louvel (Universit\u00e9 de Poitiers), Maren M\u00f6hring (Universit\u00e9 de Leipzig), Lorenza Mondada (Universit\u00e9 de B\u00e2le), Nikolay Nenovsky (Universit\u00e9 Picardie Jules Verne), Massimo Pendenza (Universit\u00e9 de Salerne), Victor Pich\u00e9 (Universit\u00e9 de Mc Gill), Iwona Piechnik (Universit\u00e9 de Cracovie), Viviane Riegel (ESPM de Sao Paulo), David Rosenberg (Universit\u00e9 de Pittsburgh), Maciej Serwanski (Universit\u00e9 de Poznan), Emmanuel Vernadakis (Universit\u00e9 d\u2019Angers).<\/p>\n<p><span style=\"color: #3366ff;\"><strong>Desk editor<\/strong><\/span><br \/>\nDamiano De Facci<br \/>\nprogrammesp@gmail.com<\/p>\n<p><span style=\"color: #3366ff;\"><strong>Editorial Partner<\/strong><\/span><br \/>\nPresses de l\u2019INALCO<br \/>\n2 rue de Lille, 75007 Paris<\/p>\n","protected":false,"raw":"The first three issues are\u00a0available online on the <a href=\"https:\/\/www.episciences.org\/page\/journals\" target=\"_blank\">Episcience.org<\/a> platform.\r\n<ul>\r\n \t<li><a href=\"https:\/\/societes-plurielles.episciences.org\/volume\/view\/id\/330\" target=\"_blank\">Varia<\/a>, n\u00b03, 2019<\/li>\r\n \t<li><a href=\"https:\/\/societes-plurielles.episciences.org\/volume\/view\/id\/330\" target=\"_blank\">Epist\u00e9mologies du pluriel<\/a>, n\u00b02, 2018<\/li>\r\n \t<li><a href=\"https:\/\/societes-plurielles.episciences.org\/volume\/view\/id\/307\" target=\"_blank\">Les sciences humaines et sociales \u00e0 l\u2019\u00e9preuve de l\u2019\u00e9v\u00e9nement<\/a>, n\u00b01, 2017<\/li>\r\n<\/ul>\r\n<h4><span style=\"color: #3366ff;\">Editorial policy<\/span><\/h4>\r\n<em>Soci\u00e9t\u00e9s Plurielles<\/em>\u00a0aims to introduce the findings of the research projects carried out under the Plural Societies programme (2014-2018) to the scientific world and to operate as a space for interdisciplinary reflection around the concept of the plural.\r\n\r\nOnly unpublished articles and articles that have not been submitted simultaneously to other journals are accepted. Articles are selected for publication by the members of the journal\u2019s international scientific committee (<em>peer review<\/em>).\r\n\r\nThe journal\u2019s main languages are French and English. Articles may also be published in other languages (German, Spanish, Italian) if accompanied by a detailed summary in English or French.\r\n<h4><span style=\"color: #3366ff;\"><strong>Editor-in-chief<\/strong><\/span><\/h4>\r\nMadalina V\u00e2rtejanu-Joubert (INALCO)\r\n<h4><span style=\"color: #3366ff;\"><strong>Editorial committee<\/strong><\/span><\/h4>\r\nDelphine All\u00e8s (INALCO), Liliane Crips (Universit\u00e9 Paris Diderot), Christophe Darmangeat (Universit\u00e9 Paris Diderot), \u00c9ric Magnin (Universit\u00e9 Paris Diderot), Delphine Pag\u00e8s-El Karoui (INALCO), Marie-Louise Pelus-Kaplan (Universit\u00e9 Paris Diderot), Patrick Renaud (Universit\u00e9 Sorbonne Nouvelle \u2013 Paris 3).\r\n<h4><span style=\"color: #3366ff;\"><strong>Scientific committee<\/strong><\/span><\/h4>\r\nMyriam Ababsa (IFPO\/Amman), Russell Belk (Universit\u00e9 de Toronto), Peter Blumenthal (Universit\u00e9 de K\u00f6ln), Hassen Boubakri (Universit\u00e9 de Sousse), Bernard Chavance (Universit\u00e9 Paris Diderot), \u00c9lisabeth Cunin (IRD), Han Entzinger (Universit\u00e9 de Rotterdam), Florence Gauthier (Universit\u00e9 Paris Diderot), Jean-Jacques Glassner (HAROC\/CNRS), David Inglis (University of Exeter), Tally Katz-Gerro (Universit\u00e9 de Haifa), Justin Kissangoula (Universit\u00e9 Paris Descartes), Yves-\u00c9douard Le Bos (Universit\u00e9 Sorbonne Nouvelle \u2013 Paris 3), Liliane Louvel (Universit\u00e9 de Poitiers), Maren M\u00f6hring (Universit\u00e9 de Leipzig), Lorenza Mondada (Universit\u00e9 de B\u00e2le), Nikolay Nenovsky (Universit\u00e9 Picardie Jules Verne), Massimo Pendenza (Universit\u00e9 de Salerne), Victor Pich\u00e9 (Universit\u00e9 de Mc Gill), Iwona Piechnik (Universit\u00e9 de Cracovie), Viviane Riegel (ESPM de Sao Paulo), David Rosenberg (Universit\u00e9 de Pittsburgh), Maciej Serwanski (Universit\u00e9 de Poznan), Emmanuel Vernadakis (Universit\u00e9 d\u2019Angers).\r\n\r\n<span style=\"color: #3366ff;\"><strong>Desk editor<\/strong><\/span>\r\nDamiano De Facci\r\nprogrammesp@gmail.com\r\n\r\n<span style=\"color: #3366ff;\"><strong>Editorial Partner<\/strong><\/span>\r\nPresses de l\u2019INALCO\r\n2 rue de Lille, 75007 Paris"},"excerpt":{"rendered":"","protected":false,"raw":""},"author":1,"featured_media":0,"parent":90,"menu_order":41,"comment_status":"closed","ping_status":"closed","template":"","meta":{"_fr_post_content":"<h4><span style=\"color: #3366ff;\">Ligne \u00e9ditoriale de la revue<\/span><\/h4>\nLa revue Soci\u00e9t\u00e9s plurielles est n\u00e9e du programme interdisciplinaire du m\u00eame nom (2014-2018) qui r\u00e9unissait des enseignants-chercheurs en sciences humaines et sociales de pr\u00e8s de vingt laboratoires de la COMUE Sorbonne-Paris-Cit\u00e9.\n\nLa revue en ligne <em>Soci\u00e9t\u00e9s plurielles<\/em> couvre tous les champs d\u2019\u00e9tudes concern\u00e9s par le pluriel dans la soci\u00e9t\u00e9, et appuie fortement les approches interdisciplinaires. La revue a pour objectif de\u00a0promouvoir des travaux consacr\u00e9s aux d\u00e9fis de la diversit\u00e9, aux politiques du pluralisme et \u00e0 la gestion des crises. Les travaux portant sur la dimension historique des soci\u00e9t\u00e9s plurielles sont fortement encourag\u00e9s. De m\u00eame, la revue encourage la publication des r\u00e9sultats de la recherche sous d\u2019autres formes que le texte : images, productions vid\u00e9o, etc.\n\nElle publie essentiellement des articles in\u00e9dits, non propos\u00e9s simultan\u00e9ment \u00e0 d\u2019autres revues, apr\u00e8s s\u00e9lection par les membres de son comit\u00e9 scientifique international (peer review, avec \u00e9valuation en double aveugle). Mais elle ne s\u2019interdit pas pour autant de publier, en traduction fran\u00e7aise ou anglaise, certains articles de th\u00e9orie ou de m\u00e9thode jug\u00e9s particuli\u00e8rement importants, et d\u00e9j\u00e0 parus ailleurs.\n\nLes principales langues sont le fran\u00e7ais et l\u2019anglais. Des articles peuvent \u00eatre publi\u00e9s dans les autres grandes langues europ\u00e9ennes de communication (espagnol, allemand, italien), accompagn\u00e9s d\u2019un r\u00e9sum\u00e9 tr\u00e8s circonstanci\u00e9 en anglais ou en fran\u00e7ais.\n<h4><span style=\"color: #3366ff;\"><strong>Direction de publication<\/strong><\/span><\/h4>\nMadalina V\u00e2rtejanu-Joubert (INALCO)\n<h4><span style=\"color: #3366ff;\"><strong>Comit\u00e9 de r\u00e9daction<\/strong><\/span><\/h4>\nDelphine All\u00e8s (INALCO), Liliane Crips (Universit\u00e9 de Paris), Christophe Darmangeat (Universit\u00e9 de Paris), Damiano De Facci (LADYSS\/CESSMA), Pilar Gonzalez Bernaldo de Quiros (Universit\u00e9 de Paris), \u00c9ric Magnin (Universit\u00e9 de Paris), Delphine Pag\u00e8s-El Karoui (INALCO), Marie-Louise Pelus-Kaplan (Universit\u00e9 de Paris), Patrick Renaud (Universit\u00e9 Sorbonne Nouvelle \u2013 Paris 3), Thomas Szende (INALCO).\n<h4><span style=\"color: #3366ff;\">Comit\u00e9 scientifique<\/span><\/h4>\nMyriam Ababsa (IFPO\/Amman), Russell Belk (Universit\u00e9 de Toronto), Peter Blumenthal (Universit\u00e9 de K\u00f6ln), Hassen Boubakri (Universit\u00e9 de Sousse), Bernard Chavance (Universit\u00e9 de Paris), \u00c9lisabeth Cunin (IRD), Han Entzinger (Universit\u00e9 de Rotterdam), Florence Gauthier (Universit\u00e9 de Paris), Jean-Jacques Glassner (HAROC\/CNRS), David Inglis (University of Exeter), Tally Katz-Gerro (Universit\u00e9 de Haifa), Justin Kissangoula (Universit\u00e9 de Paris), Yves-\u00c9douard Le Bos (Universit\u00e9 Sorbonne Nouvelle \u2013 Paris 3), Liliane Louvel (Universit\u00e9 de Poitiers), Maren M\u00f6hring (Universit\u00e9 de Leipzig), Lorenza Mondada (Universit\u00e9 de B\u00e2le), Nikolay Nenovsky (Universit\u00e9 Picardie Jules Verne), Massimo Pendenza (Universit\u00e9 de Salerne), Victor Pich\u00e9 (Universit\u00e9 de Mc Gill), Iwona Piechnik (Universit\u00e9 de Cracovie), Viviane Riegel (ESPM de Sao Paulo), David Rosenberg (Universit\u00e9 de Pittsburgh), Maciej Serwanski (Universit\u00e9 de Poznan), Emmanuel Vernadakis (Universit\u00e9 d\u2019Angers).\n\n<strong><span style=\"color: #3366ff;\">Secr\u00e9tariat de r\u00e9daction<\/span>\n<\/strong><a href=\"mailto:programmesp@gmail.com\">programmesp@gmail.com<\/a>\n\n<strong><span style=\"color: #3366ff;\">Partenaire \u00e9ditorial<\/span>\n<\/strong>Presses de l\u2019INALCO<strong>\n<\/strong>2 rue de Lille 75007 Paris","_fr_post_name":"revue-societes-plurielles","_fr_post_excerpt":"","_fr_post_title":"Revue \u00ab&nbsp;Soci\u00e9t\u00e9s plurielles&nbsp;\u00bb","_en_post_content":"The first three issues are\u00a0available online on the <a href=\"https:\/\/www.episciences.org\/page\/journals\" target=\"_blank\">Episcience.org<\/a> platform.\r\n<ul>\r\n \t<li><a href=\"https:\/\/societes-plurielles.episciences.org\/volume\/view\/id\/330\" target=\"_blank\">Varia<\/a>, n\u00b03, 2019<\/li>\r\n \t<li><a href=\"https:\/\/societes-plurielles.episciences.org\/volume\/view\/id\/330\" target=\"_blank\">Epist\u00e9mologies du pluriel<\/a>, n\u00b02, 2018<\/li>\r\n \t<li><a href=\"https:\/\/societes-plurielles.episciences.org\/volume\/view\/id\/307\" target=\"_blank\">Les sciences humaines et sociales \u00e0 l\u2019\u00e9preuve de l\u2019\u00e9v\u00e9nement<\/a>, n\u00b01, 2017<\/li>\r\n<\/ul>\r\n<h4><span style=\"color: #3366ff;\">Editorial policy<\/span><\/h4>\r\n<em>Soci\u00e9t\u00e9s Plurielles<\/em>\u00a0aims to introduce the findings of the research projects carried out under the Plural Societies programme (2014-2018) to the scientific world and to operate as a space for interdisciplinary reflection around the concept of the plural.\r\n\r\nOnly unpublished articles and articles that have not been submitted simultaneously to other journals are accepted. Articles are selected for publication by the members of the journal\u2019s international scientific committee (<em>peer review<\/em>).\r\n\r\nThe journal\u2019s main languages are French and English. Articles may also be published in other languages (German, Spanish, Italian) if accompanied by a detailed summary in English or French.\r\n<h4><span style=\"color: #3366ff;\"><strong>Editor-in-chief<\/strong><\/span><\/h4>\r\nMadalina V\u00e2rtejanu-Joubert (INALCO)\r\n<h4><span style=\"color: #3366ff;\"><strong>Editorial committee<\/strong><\/span><\/h4>\r\nDelphine All\u00e8s (INALCO), Liliane Crips (Universit\u00e9 Paris Diderot), Christophe Darmangeat (Universit\u00e9 Paris Diderot), \u00c9ric Magnin (Universit\u00e9 Paris Diderot), Delphine Pag\u00e8s-El Karoui (INALCO), Marie-Louise Pelus-Kaplan (Universit\u00e9 Paris Diderot), Patrick Renaud (Universit\u00e9 Sorbonne Nouvelle \u2013 Paris 3).\r\n<h4><span style=\"color: #3366ff;\"><strong>Scientific committee<\/strong><\/span><\/h4>\r\nMyriam Ababsa (IFPO\/Amman), Russell Belk (Universit\u00e9 de Toronto), Peter Blumenthal (Universit\u00e9 de K\u00f6ln), Hassen Boubakri (Universit\u00e9 de Sousse), Bernard Chavance (Universit\u00e9 Paris Diderot), \u00c9lisabeth Cunin (IRD), Han Entzinger (Universit\u00e9 de Rotterdam), Florence Gauthier (Universit\u00e9 Paris Diderot), Jean-Jacques Glassner (HAROC\/CNRS), David Inglis (University of Exeter), Tally Katz-Gerro (Universit\u00e9 de Haifa), Justin Kissangoula (Universit\u00e9 Paris Descartes), Yves-\u00c9douard Le Bos (Universit\u00e9 Sorbonne Nouvelle \u2013 Paris 3), Liliane Louvel (Universit\u00e9 de Poitiers), Maren M\u00f6hring (Universit\u00e9 de Leipzig), Lorenza Mondada (Universit\u00e9 de B\u00e2le), Nikolay Nenovsky (Universit\u00e9 Picardie Jules Verne), Massimo Pendenza (Universit\u00e9 de Salerne), Victor Pich\u00e9 (Universit\u00e9 de Mc Gill), Iwona Piechnik (Universit\u00e9 de Cracovie), Viviane Riegel (ESPM de Sao Paulo), David Rosenberg (Universit\u00e9 de Pittsburgh), Maciej Serwanski (Universit\u00e9 de Poznan), Emmanuel Vernadakis (Universit\u00e9 d\u2019Angers).\r\n\r\n<span style=\"color: #3366ff;\"><strong>Desk editor<\/strong><\/span>\r\nDamiano De Facci\r\nprogrammesp@gmail.com\r\n\r\n<span style=\"color: #3366ff;\"><strong>Editorial Partner<\/strong><\/span>\r\nPresses de l\u2019INALCO\r\n2 rue de Lille, 75007 Paris","_en_post_name":"the-societes-plurielles-journal","_en_post_excerpt":"","_en_post_title":"The <i>Soci\u00e9t\u00e9s Plurielles<\/i> Journal","edit_language":"en","footnotes":""},"class_list":["post-52","page","type-page","status-publish","hentry"],"_links":{"self":[{"href":"https:\/\/societesplurielles.fr\/en\/wp-json\/wp\/v2\/pages\/52","targetHints":{"allow":["GET"]}}],"collection":[{"href":"https:\/\/societesplurielles.fr\/en\/wp-json\/wp\/v2\/pages"}],"about":[{"href":"https:\/\/societesplurielles.fr\/en\/wp-json\/wp\/v2\/types\/page"}],"author":[{"embeddable":true,"href":"https:\/\/societesplurielles.fr\/en\/wp-json\/wp\/v2\/users\/1"}],"replies":[{"embeddable":true,"href":"https:\/\/societesplurielles.fr\/en\/wp-json\/wp\/v2\/comments?post=52"}],"version-history":[{"count":62,"href":"https:\/\/societesplurielles.fr\/en\/wp-json\/wp\/v2\/pages\/52\/revisions"}],"predecessor-version":[{"id":1848,"href":"https:\/\/societesplurielles.fr\/en\/wp-json\/wp\/v2\/pages\/52\/revisions\/1848"}],"up":[{"embeddable":true,"href":"https:\/\/societesplurielles.fr\/en\/wp-json\/wp\/v2\/pages\/90"}],"wp:attachment":[{"href":"https:\/\/societesplurielles.fr\/en\/wp-json\/wp\/v2\/media?parent=52"}],"curies":[{"name":"wp","href":"https:\/\/api.w.org\/{rel}","templated":true}]}}