{"id":87,"date":"2016-05-31T02:35:51","date_gmt":"2016-05-31T00:35:51","guid":{"rendered":"http:\/\/localhost\/www\/SP-dev\/?page_id=87"},"modified":"2017-09-19T15:00:25","modified_gmt":"2017-09-19T13:00:25","slug":"past-manifestations","status":"publish","type":"page","link":"https:\/\/societesplurielles.fr\/en\/scientific-manifestations\/past-manifestations\/","title":{"rendered":"Past Events","raw":"Past Events"},"content":{"rendered":"<ul class=\"lcp_catlist\"><div class='posts'><h2 class=\"post-title\"><a href=\"https:\/\/societesplurielles.fr\/en\/fabriquer-legalite\/\">Fabriquer l&#8217;\u00e9galit\u00e9<\/a><\/h2>  <div class=\"lcp-customfield\">3 et 4 mai 2018, \u00e0 Paris<\/div><div class=\"lcp_excerpt\">Fabriquer l&#8217;\u00e9galit\u00e9: La recherche action comme outil d&#8217;un dialogue social territorial coop\u00e9ratif\nCNAM, 2, rue de Cont\u00e9 75003 Paris\nL&#8217;objectif de l&#8217;universit\u00e9 \u00e9ph\u00e9m\u00e8re est de mobiliser, sur 2 jours, des dirigeant-es, des \u00e9lu-es et des salari\u00e9-es des entreprises de l&#8217;\u00e9conomie sociale franciliennes, des universitaires, des membres des r\u00e9seaux professionnels de l&#8217;ESS, autour de leurs exp\u00e9riences et des ...<\/div><a href=\"https:\/\/societesplurielles.fr\/en\/fabriquer-legalite\/\" class=\"p\">Read More<\/a><\/div><div class='posts'><h2 class=\"post-title\"><a href=\"https:\/\/societesplurielles.fr\/en\/hj-naomi-chi-where-gender-meets-migration-intersectionality-of-gender-ethnicity-and-class-in-east-asia\/\">HJ Naomi Chi, Where Gender Meets Migration:  Intersectionality of Gender, Ethnicity, and Class in East Asia<\/a><\/h2>  <div class=\"lcp-customfield\">28 novembre 2017, \u00e0 Paris<\/div><div class=\"lcp_excerpt\">\nRapid industralization, economic growth and urbanization have resulted in an influx of international migrants to East Asia since the 1980s. Since then, there has been a significant increase in the migration of women, which is an illustration of the global trend of feminization of migration. Consequently, the increase of migration (both legal and undocumented) in ...<\/div><a href=\"https:\/\/societesplurielles.fr\/en\/hj-naomi-chi-where-gender-meets-migration-intersectionality-of-gender-ethnicity-and-class-in-east-asia\/\" class=\"p\">Read More<\/a><\/div><div class='posts'><h2 class=\"post-title\"><a href=\"https:\/\/societesplurielles.fr\/en\/naomi-chi-professeur-invitee\/\">HJ Naomi Chi, &#8220;If These Wings Could Fly&#8221;: Politics of Mobility and Migration in East Asia<\/a><\/h2>  <div class=\"lcp-customfield\">27 novembre 2017, \u00e0 Paris<\/div><div class=\"lcp_excerpt\">\nThe practices, discourses and experiences of migration and diasporas, or the border-crossing and mobility of people, are an integral part of the history of modern East Asia. Moreover, such experiences are connected to global orders of modernity, colonialism, the Cold War, and globalization. This lecture will examine various issues of migration and border crossing phenomena ...<\/div><a href=\"https:\/\/societesplurielles.fr\/en\/naomi-chi-professeur-invitee\/\" class=\"p\">Read More<\/a><\/div><div class='posts'><h2 class=\"post-title\"><a href=\"https:\/\/societesplurielles.fr\/en\/qualite-de-vie-travail-innovation-manageriale-cooperation\/\">Qualit\u00e9 de vie au travail: innovation manag\u00e9riale et coop\u00e9ration<\/a><\/h2>  <div class=\"lcp-customfield\">11 et 12 Octobre 2017, \u00e0 Paris<\/div><div class=\"lcp_excerpt\">Universit\u00e9 \u00e9ph\u00e9m\u00e8re organis\u00e9e par Manucoop\n\nPour plus d&#8217;informations: lien vers le site de Manucoop\n<\/div><a href=\"https:\/\/societesplurielles.fr\/en\/qualite-de-vie-travail-innovation-manageriale-cooperation\/\" class=\"p\">Read More<\/a><\/div><div class='posts'><h2 class=\"post-title\"><a href=\"https:\/\/societesplurielles.fr\/en\/migrants-in-global-cities-experiences-from-asia-europe-and-the-middle-east\/\">Migrants in Global Cities: Experiences from Asia, the Middle East and Europe<\/a><\/h2>  <div class=\"lcp-customfield\">30 et 31 Octobre 2017, \u00e0 Singapour<\/div><div class=\"lcp_excerpt\">\nThis international collaborative workshop is convened by the National University of Singapore (Asia Research Institute) and the Universit\u00e9 Sorbonne Paris Cit\u00e9 (USPC)\u2019s interdisciplinary program Soci\u00e9t\u00e9s plurielles (Diverse Societies). It is funded by USPC-NUS Joint Research Projects (ANR-11-IDEX-0005-02).\nIt aims to bring together scholars working on Asia, the Middle East and Europe with respect to questions of ...<\/div><a href=\"https:\/\/societesplurielles.fr\/en\/migrants-in-global-cities-experiences-from-asia-europe-and-the-middle-east\/\" class=\"p\">Read More<\/a><\/div><div class='posts'><h2 class=\"post-title\"><a href=\"https:\/\/societesplurielles.fr\/en\/cosmopolitanism-revisited-comparative-perspectives-on-urban-diversity-from-the-gulf-and-beyond\/\">Cosmopolitanism Revisited: Comparative Perspectives on Urban Diversity from the Gulf and Beyond<\/a><\/h2>  <div class=\"lcp-customfield\">les 11 et 12 octobre 2017, \u00e0 Paris<\/div><div class=\"lcp_excerpt\">Cosmopolitanism Revisited: Comparative Perspectives on Urban Diversity from the Gulf and Beyond\n11 octobre (les Salons de l&#8217;INALCO, 2 rue de Lille 75007 Paris) et 12 octobre (salle G. Lavau, CEVIPOF, 98 rue de l&#8217;Universit\u00e9 75007 Paris)\n\nThis international conference is convened by the Universit\u00e9 Sorbonne Paris Cit\u00e9 (USPC)\u2019s interdisciplinary program Soci\u00e9t\u00e9s plurielles (Diverse Societies) and the ...<\/div><a href=\"https:\/\/societesplurielles.fr\/en\/cosmopolitanism-revisited-comparative-perspectives-on-urban-diversity-from-the-gulf-and-beyond\/\" class=\"p\">Read More<\/a><\/div><div class='posts'><h2 class=\"post-title\"><a href=\"https:\/\/societesplurielles.fr\/en\/figure-consommateur-immigre-europe-regards-franco-allemands\/\">La figure du consommateur immigr\u00e9 en Europe: regards franco-allemands<\/a><\/h2>  <div class=\"lcp-customfield\">12 et 13 octobre 2017, \u00e0 Berlin<\/div><div class=\"lcp_excerpt\">4e atelier de recherche \u00a0\nBerlin, 12 et 13\u00a0Octobre 2017\nLieu:\u00a0Centre Marc Bloch,\u00a0Georg-Simmel-Saal, 3. Etage\nDepuis deux ans, des chercheurs fran\u00e7ais et allemands issus de diff\u00e9rentes disciplines r\u00e9fl\u00e9chissent ensemble au d\u00e9veloppement d&#8217;un nouveau champ de recherche autour de\u00a0la figure du consommateur immigr\u00e9 comme agent de transformation des pratiques de consommation et des cultures mat\u00e9rielles des soci\u00e9t\u00e9s europ\u00e9ennes. Face ...<\/div><a href=\"https:\/\/societesplurielles.fr\/en\/figure-consommateur-immigre-europe-regards-franco-allemands\/\" class=\"p\">Read More<\/a><\/div><div class='posts'><h2 class=\"post-title\"><a href=\"https:\/\/societesplurielles.fr\/en\/yasser-elsheshtawy-visiting-professor-in-paris-in-october\/\">Professors Elijah Anderson, Yasser Elsheshtawy and Philip Kasinitz in Paris<\/a><\/h2>  <div class=\"lcp-customfield\">Octobre 2017<\/div><div class=\"lcp_excerpt\">Professor Elijah Anderson, a\u00a0leading ethnographer and cultural theorist, is professor of sociology at Yale University, where he teaches and directs the Urban Ethnography Project. He is the 2013 recipient of the prestigious Cox-Johnson-Frazier Award of the American Sociological Association and the 2017 recipient of the Eastern Sociological Society\u2019s Merit Award.\nProfessor Anderson has written and edited ...<\/div><a href=\"https:\/\/societesplurielles.fr\/en\/yasser-elsheshtawy-visiting-professor-in-paris-in-october\/\" class=\"p\">Read More<\/a><\/div><div class='posts'><h2 class=\"post-title\"><a href=\"https:\/\/societesplurielles.fr\/en\/the-war-on-immigrants-meets-the-war-on-crime-race-and-citizenship-in-trumps-america-with-philip-kasinitz\/\">The War on Immigrants meets the War on Crime: Race and Citizenship in Trump&#8217;s America, with Philip Kasinitz<\/a><\/h2>  <div class=\"lcp-customfield\">10 Octobre 2017, \u00e0 Paris<\/div><div class=\"lcp_excerpt\">\nS\u00e9minaire MAGMET\nThe War on Immigrants Meets the War on Crime: Race and Citizenship in Trump\u2019s America\navec Philip KASINITZ (The City University of New York)\nLe 10 octobre de 10h30 \u00e0 12h30\nLieu: CERI, Salle du conseil, 56 rue Jacob, 75007 Paris\nDiscutante: Virginie Guiraudon, Directrice de recherche au CNRS, Centre d&#8217;\u00e9tudes europ\u00e9ennes (CEE), Sciences Po.\nInscription obligatoire ici\n&nbsp;\nCr\u00e9dits photo ...<\/div><a href=\"https:\/\/societesplurielles.fr\/en\/the-war-on-immigrants-meets-the-war-on-crime-race-and-citizenship-in-trumps-america-with-philip-kasinitz\/\" class=\"p\">Read More<\/a><\/div><div class='posts'><h2 class=\"post-title\"><a href=\"https:\/\/societesplurielles.fr\/en\/partenariat-nati-plurielles-uspc\/\">Partenariat National University of Singapore (NUS) &#038; Soci\u00e9t\u00e9s plurielles (USPC)<\/a><\/h2>  <div class=\"lcp_excerpt\">USPC-NUS Joint Research Projects\nPlusieurs chercheurs du programme de recherche Soci\u00e9t\u00e9s plurielles sont laur\u00e9ats\u00a0de\u00a0l\u2019appel \u00e0 projet commun de l\u2019Universit\u00e9 Sorbonne Paris Cit\u00e9 (USPC) et de la National University of Singapore (NUS) dont l\u2019objectif est\u00a0une collaboration scientifique et acad\u00e9mique:\nPremier\u00a0projet laur\u00e9at: Migrants in Global Cities: Experiences from Asia, the Middle East and\u00a0Europe\nResearcher in charge of this project: Delphine ...<\/div><a href=\"https:\/\/societesplurielles.fr\/en\/partenariat-nati-plurielles-uspc\/\" class=\"p\">Read More<\/a><\/div><\/ul><ul class='lcp_paginator'><li class='lcp_currentpage'>1<\/li><li><a href='https:\/\/societesplurielles.fr\/en\/wp-json\/wp\/v2\/pages\/87?lcp_page0=2#lcp_instance_0' title='2'>2<\/a><\/li><li><a href='https:\/\/societesplurielles.fr\/en\/wp-json\/wp\/v2\/pages\/87?lcp_page0=3#lcp_instance_0' title='3'>3<\/a><\/li><li><a href='https:\/\/societesplurielles.fr\/en\/wp-json\/wp\/v2\/pages\/87?lcp_page0=4#lcp_instance_0' title='4'>4<\/a><\/li><li><a href='https:\/\/societesplurielles.fr\/en\/wp-json\/wp\/v2\/pages\/87?lcp_page0=5#lcp_instance_0' title='5'>5<\/a><\/li><li><a href='https:\/\/societesplurielles.fr\/en\/wp-json\/wp\/v2\/pages\/87?lcp_page0=6#lcp_instance_0' title='6'>6<\/a><\/li><span class='lcp_elipsis'>...<\/span><li><a href='https:\/\/societesplurielles.fr\/en\/wp-json\/wp\/v2\/pages\/87?lcp_page0=8#lcp_instance_0' title='8'>8<\/a><\/li><li><a href='https:\/\/societesplurielles.fr\/en\/wp-json\/wp\/v2\/pages\/87?lcp_page0=2#lcp_instance_0' title='2' class='lcp_nextlink'>Next<\/a><\/li><\/ul>\n","protected":false,"raw":"[catlist name=\"archives\" customfield_display=\"date-\u00e9v\u00e9nement\" customfield_display_name=no excerpt=full posts_morelink=\"Read More\" pagination=\"yes\" numberposts=10 pagination_prev\"Previous\" pagination_next=\"Next\" template=default]"},"excerpt":{"rendered":"","protected":false,"raw":""},"author":1,"featured_media":484,"parent":14,"menu_order":32,"comment_status":"closed","ping_status":"closed","template":"","meta":{"_fr_post_content":"[catlist name=\"archives\" customfield_display=\"date-\u00e9v\u00e9nement\" customfield_display_name=no excerpt=full posts_morelink=\"Lire la suite\" pagination=\"yes\" numberposts=10 pagination_prev\"Pr\u00e9c\u00e9dent\" pagination_next=\"Suivant\" template=default]","_fr_post_name":"manifestations-scientifiques-passees","_fr_post_excerpt":"","_fr_post_title":"Manifestations scientifiques pass\u00e9es","_en_post_content":"[catlist name=\"archives\" customfield_display=\"date-\u00e9v\u00e9nement\" customfield_display_name=no excerpt=full posts_morelink=\"Read More\" pagination=\"yes\" numberposts=10 pagination_prev\"Previous\" pagination_next=\"Next\" template=default]","_en_post_name":"past-manifestations","_en_post_excerpt":"","_en_post_title":"Past Events","edit_language":"en","footnotes":""},"class_list":["post-87","page","type-page","status-publish","has-post-thumbnail","hentry"],"_links":{"self":[{"href":"https:\/\/societesplurielles.fr\/en\/wp-json\/wp\/v2\/pages\/87","targetHints":{"allow":["GET"]}}],"collection":[{"href":"https:\/\/societesplurielles.fr\/en\/wp-json\/wp\/v2\/pages"}],"about":[{"href":"https:\/\/societesplurielles.fr\/en\/wp-json\/wp\/v2\/types\/page"}],"author":[{"embeddable":true,"href":"https:\/\/societesplurielles.fr\/en\/wp-json\/wp\/v2\/users\/1"}],"replies":[{"embeddable":true,"href":"https:\/\/societesplurielles.fr\/en\/wp-json\/wp\/v2\/comments?post=87"}],"version-history":[{"count":45,"href":"https:\/\/societesplurielles.fr\/en\/wp-json\/wp\/v2\/pages\/87\/revisions"}],"predecessor-version":[{"id":1408,"href":"https:\/\/societesplurielles.fr\/en\/wp-json\/wp\/v2\/pages\/87\/revisions\/1408"}],"up":[{"embeddable":true,"href":"https:\/\/societesplurielles.fr\/en\/wp-json\/wp\/v2\/pages\/14"}],"wp:featuredmedia":[{"embeddable":true,"href":"https:\/\/societesplurielles.fr\/en\/wp-json\/wp\/v2\/media\/484"}],"wp:attachment":[{"href":"https:\/\/societesplurielles.fr\/en\/wp-json\/wp\/v2\/media?parent=87"}],"curies":[{"name":"wp","href":"https:\/\/api.w.org\/{rel}","templated":true}]}}