{"id":36,"date":"2016-05-30T22:12:37","date_gmt":"2016-05-30T20:12:37","guid":{"rendered":"http:\/\/localhost\/www\/SP-dev\/?page_id=36"},"modified":"2018-06-22T11:08:58","modified_gmt":"2018-06-22T09:08:58","slug":"gouvernance","status":"publish","type":"page","link":"https:\/\/societesplurielles.fr\/fr\/presentation\/gouvernance\/","title":{"rendered":"Gouvernance"},"content":{"rendered":"<h2><\/h2>\n<h2>Coordinateur<\/h2>\n<p style=\"padding-left: 30px;\">Vincenzo Cicchelli<\/p>\n<p style=\"padding-left: 30px;\">(Universit\u00e9 Paris Descartes, GEMASS &#8211; Paris Sorbonne\/CNRS)<\/p>\n<hr \/>\n<h2>Responsable du budget<\/h2>\n<p style=\"padding-left: 30px;\">Delphine Pag\u00e8s-El Karoui (INALCO)<\/p>\n<h2>Bureau de\u00a0coordination<\/h2>\n<p style=\"padding-left: 30px;\">Gabrielle Chomentowski, INALCO<\/p>\n<p style=\"padding-left: 30px;\">Vincenzo Cicchelli, Universit\u00e9 Paris Descartes<\/p>\n<p style=\"padding-left: 30px;\">Sophie Coeur\u00e9, Universit\u00e9 Paris Diderot<\/p>\n<p style=\"padding-left: 30px;\">Hui-yen Kim, INALCO<\/p>\n<p style=\"padding-left: 30px;\">Catherine Lejeune, Universit\u00e9 Paris Diderot<\/p>\n<p style=\"padding-left: 30px;\">Gilles Lepesant, CNRS<\/p>\n<p style=\"padding-left: 30px;\">Florence Mourlhon-Dallies, Universit\u00e9 Paris Descartes<\/p>\n<p style=\"padding-left: 30px;\">Delphine Pag\u00e8s-El Karoui, INALCO<\/p>\n<p style=\"padding-left: 30px;\">Marie-Louise Pelus-Kaplan, Universit\u00e9 Paris Diderot<\/p>\n<h2><\/h2>\n<hr \/>\n<p><strong>Contrat post-doctoral<\/strong><\/p>\n<p style=\"padding-left: 30px;\">Gabrielle Chomentowski (jusqu&rsquo;en juin 2018)<\/p>\n","protected":false},"excerpt":{"rendered":"<p>Coordinateur Vincenzo Cicchelli (Universit\u00e9 Paris Descartes, GEMASS &#8211; Paris Sorbonne\/CNRS) Responsable du budget Delphine Pag\u00e8s-El Karoui (INALCO) Bureau de\u00a0coordination Gabrielle Chomentowski, INALCO Vincenzo Cicchelli, Universit\u00e9 Paris Descartes Sophie Coeur\u00e9, Universit\u00e9 Paris Diderot Hui-yen Kim, INALCO Catherine Lejeune, Universit\u00e9 Paris Diderot Gilles Lepesant, CNRS Florence Mourlhon-Dallies, Universit\u00e9 Paris Descartes Delphine Pag\u00e8s-El Karoui, INALCO Marie-Louise Pelus-Kaplan, Universit\u00e9 [&hellip;]<\/p>\n","protected":false},"author":1,"featured_media":0,"parent":81,"menu_order":2,"comment_status":"closed","ping_status":"closed","template":"","meta":{"_fr_post_content":"<h2><\/h2>\r\n<h2>Coordinateur<\/h2>\r\n<p style=\"padding-left: 30px;\">Vincenzo Cicchelli<\/p>\r\n<p style=\"padding-left: 30px;\">(Universit\u00e9 Paris Descartes, GEMASS - Paris Sorbonne\/CNRS)<\/p>\r\n\r\n\r\n<hr \/>\r\n\r\n<h2>Responsable du budget<\/h2>\r\n<p style=\"padding-left: 30px;\">Delphine Pag\u00e8s-El Karoui (INALCO)<\/p>\r\n\r\n<h2>Bureau de\u00a0coordination<\/h2>\r\n<p style=\"padding-left: 30px;\">Gabrielle Chomentowski, INALCO<\/p>\r\n<p style=\"padding-left: 30px;\">Vincenzo Cicchelli, Universit\u00e9 Paris Descartes<\/p>\r\n<p style=\"padding-left: 30px;\">Sophie Coeur\u00e9, Universit\u00e9 Paris Diderot<\/p>\r\n<p style=\"padding-left: 30px;\">Hui-yen Kim, INALCO<\/p>\r\n<p style=\"padding-left: 30px;\">Catherine Lejeune, Universit\u00e9 Paris Diderot<\/p>\r\n<p style=\"padding-left: 30px;\">Gilles Lepesant, CNRS<\/p>\r\n<p style=\"padding-left: 30px;\">Florence Mourlhon-Dallies, Universit\u00e9 Paris Descartes<\/p>\r\n<p style=\"padding-left: 30px;\">Delphine Pag\u00e8s-El Karoui, INALCO<\/p>\r\n<p style=\"padding-left: 30px;\">Marie-Louise Pelus-Kaplan, Universit\u00e9 Paris Diderot<\/p>\r\n\r\n<h2><\/h2>\r\n\r\n<hr \/>\r\n\r\n<strong>Contrat post-doctoral<\/strong>\r\n<p style=\"padding-left: 30px;\">Gabrielle Chomentowski (jusqu'en juin 2018)<\/p>","_fr_post_name":"gouvernance","_fr_post_excerpt":"","_fr_post_title":"Gouvernance","_en_post_content":"","_en_post_name":"governance","_en_post_excerpt":"","_en_post_title":"Governance","edit_language":"fr","footnotes":""},"class_list":["post-36","page","type-page","status-publish","hentry"],"_links":{"self":[{"href":"https:\/\/societesplurielles.fr\/fr\/wp-json\/wp\/v2\/pages\/36","targetHints":{"allow":["GET"]}}],"collection":[{"href":"https:\/\/societesplurielles.fr\/fr\/wp-json\/wp\/v2\/pages"}],"about":[{"href":"https:\/\/societesplurielles.fr\/fr\/wp-json\/wp\/v2\/types\/page"}],"author":[{"embeddable":true,"href":"https:\/\/societesplurielles.fr\/fr\/wp-json\/wp\/v2\/users\/1"}],"replies":[{"embeddable":true,"href":"https:\/\/societesplurielles.fr\/fr\/wp-json\/wp\/v2\/comments?post=36"}],"version-history":[{"count":28,"href":"https:\/\/societesplurielles.fr\/fr\/wp-json\/wp\/v2\/pages\/36\/revisions"}],"predecessor-version":[{"id":1718,"href":"https:\/\/societesplurielles.fr\/fr\/wp-json\/wp\/v2\/pages\/36\/revisions\/1718"}],"up":[{"embeddable":true,"href":"https:\/\/societesplurielles.fr\/fr\/wp-json\/wp\/v2\/pages\/81"}],"wp:attachment":[{"href":"https:\/\/societesplurielles.fr\/fr\/wp-json\/wp\/v2\/media?parent=36"}],"curies":[{"name":"wp","href":"https:\/\/api.w.org\/{rel}","templated":true}]}}