{"id":83,"date":"2016-05-31T02:34:59","date_gmt":"2016-05-31T00:34:59","guid":{"rendered":"http:\/\/localhost\/www\/SP-dev\/?page_id=83"},"modified":"2017-09-19T15:59:50","modified_gmt":"2017-09-19T13:59:50","slug":"axes-de-recherche","status":"publish","type":"page","link":"https:\/\/societesplurielles.fr\/fr\/axes-de-recherche\/","title":{"rendered":"Axes de recherche"},"content":{"rendered":"<ul class=\"children\">\n<li class=\"page_item page-item-70\"><a href=\"https:\/\/societesplurielles.fr\/fr\/axes-de-recherche\/societes-plurielles-vies-au-singulier\/\">Villes-mondes : approches compar\u00e9es du cosmopolitisme et des migrations<\/a><\/li>\n<li class=\"page_item page-item-63\"><a href=\"https:\/\/societesplurielles.fr\/fr\/axes-de-recherche\/circulations-politiques-culturelles-et-religieuses\/\">Circulations politiques, culturelles et religieuses<\/a><\/li>\n<li class=\"page_item page-item-66\"><a href=\"https:\/\/societesplurielles.fr\/fr\/axes-de-recherche\/la-pluralite-a-lepreuve-des-crises-et-des-conflits\/\">CIT\u00c9: Coh\u00e9sion et Identit\u00e9s dans les Territoires europ\u00e9ens<\/a><\/li>\n<\/ul>\n","protected":false},"excerpt":{"rendered":"<p>Villes-mondes : approches compar\u00e9es du cosmopolitisme et des migrations Circulations politiques, culturelles et religieuses CIT\u00c9: Coh\u00e9sion et Identit\u00e9s dans les Territoires europ\u00e9ens<\/p>\n","protected":false},"author":1,"featured_media":0,"parent":0,"menu_order":20,"comment_status":"closed","ping_status":"closed","template":"","meta":{"_fr_post_content":"<ul class=\"children\">\r\n \t<li class=\"page_item page-item-70\"><a href=\"http:\/\/societesplurielles.fr\/fr\/axes-de-recherche\/societes-plurielles-vies-au-singulier\/\">Villes-mondes : approches compar\u00e9es du cosmopolitisme et des migrations<\/a><\/li>\r\n \t<li class=\"page_item page-item-63\"><a href=\"http:\/\/societesplurielles.fr\/fr\/axes-de-recherche\/circulations-politiques-culturelles-et-religieuses\/\">Circulations politiques, culturelles et religieuses<\/a><\/li>\r\n \t<li class=\"page_item page-item-66\"><a href=\"http:\/\/societesplurielles.fr\/fr\/axes-de-recherche\/la-pluralite-a-lepreuve-des-crises-et-des-conflits\/\">CIT\u00c9: Coh\u00e9sion et Identit\u00e9s dans les Territoires europ\u00e9ens<\/a><\/li>\r\n<\/ul>","_fr_post_name":"axes-de-recherche","_fr_post_excerpt":"","_fr_post_title":"Axes de recherche","_en_post_content":"<ul class=\"children\">\r\n \t<li class=\"page_item page-item-70\"><a href=\"http:\/\/societesplurielles.fr\/en\/research-topics\/world-cities-comparative-approaches-to-cosmopolitanism-and-migration\/\">World-Cities: Comparative Approaches to Cosmopolitanism and Migration<\/a><\/li>\r\n \t<li class=\"page_item page-item-63\"><a href=\"http:\/\/societesplurielles.fr\/en\/research-topics\/political-cultural-and-religious-flows\/\">Political, Cultural and Religious Flows<\/a><\/li>\r\n \t<li class=\"page_item page-item-66\"><a href=\"http:\/\/societesplurielles.fr\/en\/research-topics\/cite-cohesion-and-identities-in-the-territories-of-europe\/\">CIT\u00c9: Cohesion and Identities in the Territories of Europe<\/a><\/li>\r\n<\/ul>","_en_post_name":"research-topics","_en_post_excerpt":"","_en_post_title":"Research Topics","edit_language":"fr","footnotes":""},"class_list":["post-83","page","type-page","status-publish","hentry"],"_links":{"self":[{"href":"https:\/\/societesplurielles.fr\/fr\/wp-json\/wp\/v2\/pages\/83","targetHints":{"allow":["GET"]}}],"collection":[{"href":"https:\/\/societesplurielles.fr\/fr\/wp-json\/wp\/v2\/pages"}],"about":[{"href":"https:\/\/societesplurielles.fr\/fr\/wp-json\/wp\/v2\/types\/page"}],"author":[{"embeddable":true,"href":"https:\/\/societesplurielles.fr\/fr\/wp-json\/wp\/v2\/users\/1"}],"replies":[{"embeddable":true,"href":"https:\/\/societesplurielles.fr\/fr\/wp-json\/wp\/v2\/comments?post=83"}],"version-history":[{"count":10,"href":"https:\/\/societesplurielles.fr\/fr\/wp-json\/wp\/v2\/pages\/83\/revisions"}],"predecessor-version":[{"id":1432,"href":"https:\/\/societesplurielles.fr\/fr\/wp-json\/wp\/v2\/pages\/83\/revisions\/1432"}],"wp:attachment":[{"href":"https:\/\/societesplurielles.fr\/fr\/wp-json\/wp\/v2\/media?parent=83"}],"curies":[{"name":"wp","href":"https:\/\/api.w.org\/{rel}","templated":true}]}}